{"id":11938,"date":"2023-08-06T12:21:23","date_gmt":"2023-08-06T12:21:23","guid":{"rendered":"https:\/\/social-media24.pl\/?page_id=11938"},"modified":"2024-10-28T02:36:29","modified_gmt":"2024-10-28T02:36:29","slug":"pomysly-na-rolki-na-instagramie","status":"publish","type":"page","link":"https:\/\/social-media24.pl\/de\/rollerblading-ideen-auf-instagram\/","title":{"rendered":"Rollen auf Instagram - Engaging REELS Ideengenerator"},"content":{"rendered":"<style>.kb-row-layout-id11938_46320f-51 > .kt-row-column-wrap{align-content:start;}:where(.kb-row-layout-id11938_46320f-51 > .kt-row-column-wrap) > .wp-block-kadence-column{justify-content:start;}.kb-row-layout-id11938_46320f-51 > .kt-row-column-wrap{column-gap:var(--global-kb-gap-md, 2rem);row-gap:var(--global-kb-gap-md, 2rem);padding-top:var(--global-kb-spacing-xl, 4rem);padding-bottom:var(--global-kb-spacing-xl, 4rem);grid-template-columns:minmax(0, 1fr);}.kb-row-layout-id11938_46320f-51 > .kt-row-layout-overlay{opacity:0.30;}@media all and (max-width: 1024px){.kb-row-layout-id11938_46320f-51 > .kt-row-column-wrap{grid-template-columns:minmax(0, 1fr);}}@media all and (max-width: 767px){.kb-row-layout-id11938_46320f-51 > .kt-row-column-wrap{padding-top:0px;padding-right:0px;padding-bottom:0px;padding-left:0px;grid-template-columns:minmax(0, 1fr);}}<\/style><div class=\"kb-row-layout-wrap kb-row-layout-id11938_46320f-51 alignnone wp-block-kadence-rowlayout\"><div class=\"kt-row-column-wrap kt-has-1-columns kt-row-layout-equal kt-tab-layout-inherit kt-mobile-layout-row kt-row-valign-top\">\n<style>.kadence-column11938_5fd629-75 > .kt-inside-inner-col,.kadence-column11938_5fd629-75 > .kt-inside-inner-col:before{border-top-left-radius:0px;border-top-right-radius:0px;border-bottom-right-radius:0px;border-bottom-left-radius:0px;}.kadence-column11938_5fd629-75 > .kt-inside-inner-col:before{opacity:0.3;}.kadence-column11938_5fd629-75{position:relative;}<\/style>\n<div class=\"wp-block-kadence-column kadence-column11938_5fd629-75\"><div class=\"kt-inside-inner-col\">\n<div style=\"height:50px\" aria-hidden=\"true\" class=\"wp-block-spacer\"><\/div>\n\n\n<style>.wp-block-kadence-advancedheading.kt-adv-heading11938_407fc8-be, .wp-block-kadence-advancedheading.kt-adv-heading11938_407fc8-be[data-kb-block=\"kb-adv-heading11938_407fc8-be\"]{padding-right:150px;padding-left:150px;text-align:center;font-style:normal;}.wp-block-kadence-advancedheading.kt-adv-heading11938_407fc8-be mark, .wp-block-kadence-advancedheading.kt-adv-heading11938_407fc8-be[data-kb-block=\"kb-adv-heading11938_407fc8-be\"] mark{font-style:normal;color:#f76a0c;padding-top:0px;padding-right:0px;padding-bottom:0px;padding-left:0px;}@media all and (max-width: 1024px){.wp-block-kadence-advancedheading.kt-adv-heading11938_407fc8-be, .wp-block-kadence-advancedheading.kt-adv-heading11938_407fc8-be[data-kb-block=\"kb-adv-heading11938_407fc8-be\"]{padding-right:30px;padding-left:30px;}}@media all and (max-width: 767px){.wp-block-kadence-advancedheading.kt-adv-heading11938_407fc8-be, .wp-block-kadence-advancedheading.kt-adv-heading11938_407fc8-be[data-kb-block=\"kb-adv-heading11938_407fc8-be\"]{padding-right:10px;padding-bottom:50px;padding-left:10px;font-size:27px;}}<\/style>\n<h1 class=\"kt-adv-heading11938_407fc8-be wp-block-kadence-advancedheading\" data-kb-block=\"kb-adv-heading11938_407fc8-be\"><strong>Rollen auf Instagram - Engaging REELS Ideengenerator<\/strong><\/h1>\n\n\n\n<div class='mwai-chatbot-container' data-params='{&quot;aiName&quot;:&quot;&quot;,&quot;userName&quot;:&quot;U\\u017cytkownik: &quot;,&quot;guestName&quot;:&quot;Guest:&quot;,&quot;textSend&quot;:&quot;Wy\\u015blij&quot;,&quot;textClear&quot;:&quot;Wyczy\\u015b\\u0107&quot;,&quot;fileSearch&quot;:&quot;&quot;,&quot;textInputPlaceholder&quot;:&quot;Wpisz temat swojej rolki...&quot;,&quot;textInputMaxLength&quot;:512,&quot;textCompliance&quot;:&quot;&quot;,&quot;startSentence&quot;:&quot;Cze\\u015b\\u0107! Pomog\\u0119 Ci z pomys\\u0142em i skryptem na VIRALOW\\u0104 ROLK\\u0118&quot;,&quot;localMemory&quot;:&quot;&quot;,&quot;themeId&quot;:&quot;chatgpt&quot;,&quot;window&quot;:&quot;&quot;,&quot;icon&quot;:&quot;chat-color-red.svg&quot;,&quot;iconText&quot;:&quot;&quot;,&quot;iconAlt&quot;:&quot;AI Chatbot Avatar&quot;,&quot;iconPosition&quot;:&quot;bottom-right&quot;,&quot;fullscreen&quot;:&quot;&quot;,&quot;copyButton&quot;:1}' data-system='{&quot;botId&quot;:&quot;default&quot;,&quot;customId&quot;:null,&quot;userData&quot;:null,&quot;sessionId&quot;:&quot;N\\\/A&quot;,&quot;restNonce&quot;:&quot;445aeabd65&quot;,&quot;contextId&quot;:11938,&quot;pluginUrl&quot;:&quot;https:\\\/\\\/social-media24.pl\\\/wp-content\\\/plugins\\\/ai-engine-pro\\\/&quot;,&quot;restUrl&quot;:&quot;https:\\\/\\\/social-media24.pl\\\/de\\\/wp-json&quot;,&quot;debugMode&quot;:true,&quot;typewriter&quot;:false,&quot;speech_recognition&quot;:false,&quot;speech_synthesis&quot;:false,&quot;stream&quot;:false}' data-theme='{&quot;type&quot;:&quot;internal&quot;,&quot;name&quot;:&quot;ChatGPT&quot;,&quot;themeId&quot;:&quot;chatgpt&quot;,&quot;settings&quot;:[],&quot;style&quot;:&quot;&quot;}'><\/div>\n\n\n\n<div style=\"height:50px\" aria-hidden=\"true\" class=\"wp-block-spacer\"><\/div>\n<\/div><\/div>\n\n<\/div><\/div>\n\n\n<div style=\"height:50px\" aria-hidden=\"true\" class=\"wp-block-spacer\"><\/div>\n\n\n\n<hr class=\"wp-block-separator has-alpha-channel-opacity is-style-wide\" \/>\n\n\n\n<h2 class=\"wp-block-heading has-text-align-center\"><strong>Wie funktioniert der REELS Instagram-Ideengenerator?<\/strong><\/h2>\n\n\n\n<div style=\"height:30px\" aria-hidden=\"true\" class=\"wp-block-spacer\"><\/div>\n\n\n\n<ul class=\"wp-block-list\">\n<li>Geben Sie ein Thema f\u00fcr Ihre Rolle ein<\/li>\n\n\n\n<li>Klicken Sie auf \"5 Ideen pro Rolle generieren\" und warten Sie 10-15 Sekunden.<\/li>\n\n\n\n<li>Erledigt! W\u00e4hlen Sie eine Idee aus oder generieren Sie wieder neue Ideen.<\/li>\n<\/ul>\n\n\n\n<div style=\"height:10px\" aria-hidden=\"true\" class=\"wp-block-spacer\"><\/div>\n\n\n<style>.kb-image11938_bbaa78-49 .kb-image-has-overlay:after{opacity:0.3;}.kb-image11938_bbaa78-49 img.kb-img, .kb-image11938_bbaa78-49 .kb-img img{border-top:1px solid #5c5c5c;border-right:1px solid #5c5c5c;border-bottom:1px solid #5c5c5c;border-left:1px solid #5c5c5c;box-shadow:0px 0px 25px 0px rgba(0, 0, 0, 0.2);}@media all and (max-width: 1024px){.kb-image11938_bbaa78-49 img.kb-img, .kb-image11938_bbaa78-49 .kb-img img{border-top:1px solid #5c5c5c;border-right:1px solid #5c5c5c;border-bottom:1px solid #5c5c5c;border-left:1px solid #5c5c5c;}}@media all and (max-width: 767px){.kb-image11938_bbaa78-49 img.kb-img, .kb-image11938_bbaa78-49 .kb-img img{border-top:1px solid #5c5c5c;border-right:1px solid #5c5c5c;border-bottom:1px solid #5c5c5c;border-left:1px solid #5c5c5c;}}<\/style>\n<div class=\"wp-block-kadence-image kb-image11938_bbaa78-49\"><figure class=\"aligncenter size-large\"><img fetchpriority=\"high\" decoding=\"async\" width=\"1024\" height=\"688\" title=\"Jak dziala generator rolek instagram\" src=\"https:\/\/social-media24.pl\/wp-content\/uploads\/2023\/08\/jak-dziala-generator-rolek-instagram-1024x688.jpg\" alt=\"Rolki na Instagramie - Generator Pomys\u0142\u00f3w na Anga\u017cuj\u0105ce REELS Jak dziala generator rolek instagram\" class=\"kb-img wp-image-11984\" srcset=\"https:\/\/social-media24.pl\/wp-content\/uploads\/2023\/08\/jak-dziala-generator-rolek-instagram-1024x688.jpg 1024w, https:\/\/social-media24.pl\/wp-content\/uploads\/2023\/08\/jak-dziala-generator-rolek-instagram-300x202.jpg 300w, https:\/\/social-media24.pl\/wp-content\/uploads\/2023\/08\/jak-dziala-generator-rolek-instagram-768x516.jpg 768w, https:\/\/social-media24.pl\/wp-content\/uploads\/2023\/08\/jak-dziala-generator-rolek-instagram-18x12.jpg 18w, https:\/\/social-media24.pl\/wp-content\/uploads\/2023\/08\/jak-dziala-generator-rolek-instagram-750x504.jpg 750w, https:\/\/social-media24.pl\/wp-content\/uploads\/2023\/08\/jak-dziala-generator-rolek-instagram-1140x766.jpg 1140w, https:\/\/social-media24.pl\/wp-content\/uploads\/2023\/08\/jak-dziala-generator-rolek-instagram.jpg 1202w\" sizes=\"(max-width: 1024px) 100vw, 1024px\" \/><\/figure><\/div>\n\n\n\n<div style=\"height:100px\" aria-hidden=\"true\" class=\"wp-block-spacer\"><\/div>\n\n\n\n<h2 class=\"wp-block-heading\"><strong>Einf\u00fchrung<\/strong><\/h2>\n\n\n\n<p>Ah, die virtuelle Szene von Instagram Reels, wo Kreativit\u00e4t mit Spontaneit\u00e4t tanzt! In einer Welt, die von Bildern und fl\u00fcchtigen Momenten bestimmt wird <a class=\"wpil_keyword_link\" href=\"https:\/\/social-media24.pl\/de\/instagram-reels\/\" title=\"Instagram-Rollen\" data-wpil-keyword-link=\"linked\">Instagram-Rollen<\/a> hat sich zu einer lebendigen Plattform f\u00fcr Kreative und Verbraucher gleicherma\u00dfen entwickelt. Es ist mehr als nur ein Feature; es ist eine Leinwand, die auf Ihre brillanten Pinselstriche wartet.<\/p>\n\n\n\n<p>Kurzfilme bieten ein Zeitfenster von 15 bis 30 Sekunden, um zu fesseln, zu informieren, zu unterhalten und zu verbinden. Aber was macht diese Kurzfilme verlockender als ein Sirenengesang f\u00fcr das moderne Publikum? Tauchen wir ein in die dynamischen Gew\u00e4sser <a class=\"wpil_keyword_link\" href=\"https:\/\/social-media24.pl\/de\/instagram-reels\/\" title=\"Instagram-Rollen\" data-wpil-keyword-link=\"linked\">Instagram-Rollen<\/a>wo jede Schriftrolle ein neues Abenteuer ist.<\/p>\n\n\n\n<h3 class=\"wp-block-heading\"><strong>Wichtigste Ergebnisse:<\/strong><\/h3>\n\n\n\n<ul class=\"wp-block-list\">\n<li><a class=\"wpil_keyword_link\" href=\"https:\/\/social-media24.pl\/es\/instagram-reels\/\" title=\"Instagram-Rollen\" data-wpil-keyword-link=\"linked\">Instagram-Rollen<\/a> sind kurze, fesselnde Filme, die Momente auf eine frische und fesselnde Weise einfangen.<\/li>\n\n\n\n<li>Sie bieten eine Spielwiese f\u00fcr Kreativit\u00e4t, die es den Nutzern erm\u00f6glicht, zu erforschen, zu experimentieren und sich auszudr\u00fccken.<\/li>\n<\/ul>\n\n\n\n<h2 class=\"wp-block-heading\"><strong>Teil 1: Verst\u00e4ndnis der Zielgruppen<\/strong><\/h2>\n\n\n\n<p>Ein erfolgreicher Sch\u00f6pfer ist ein weiser Seemann, der die Str\u00f6mungen und Gezeiten kennt. Um die Segel auf dem Instagram-Meer zu setzen, m\u00fcssen Sie zun\u00e4chst die Winde verstehen, die die Interessen Ihres Publikums bestimmen.<\/p>\n\n\n\n<p><strong>Tabelle: Publikumstypen und -pr\u00e4ferenzen<\/strong><\/p>\n\n\n\n<figure class=\"wp-block-table\"><table><thead><tr><td><strong>Publikum<\/strong><strong><\/strong><\/td><td><strong>Inhaltliche Pr\u00e4ferenzen<\/strong><strong><\/strong><\/td><td><strong>Verlobungsstil<\/strong><strong><\/strong><\/td><\/tr><\/thead><tbody><tr><td>Teenager<\/td><td>Trends, Humor<\/td><td>Likes, Shares<\/td><\/tr><tr><td>Fachleute<\/td><td>Bildung, Inspiration<\/td><td>Kommentare, Anmerkungen<\/td><\/tr><tr><td>K\u00fcnstler<\/td><td>\u00c4sthetik, Kreativit\u00e4t<\/td><td>Beobachtungen, Zusammenarbeit<\/td><\/tr><\/tbody><\/table><\/figure>\n\n\n\n<p>Ihr Publikum ist wie ein Garten, und jedes Segment braucht eine besondere Pflege und einen besonderen Inhalt, um zu gedeihen. Erkennen Sie deren W\u00fcnsche, und Ihre Inhalte werden wie Sonnenblumen in der Sonne gedeihen.<\/p>\n\n\n\n<h2 class=\"wp-block-heading\"><strong>Abschnitt 2: Ideen f\u00fcr die Erstellung von Inhalten<\/strong><strong><\/strong><\/h2>\n\n\n\n<p>Ein Tanz mit den Schatten, ein Lied in der Stille, dein <a class=\"wpil_keyword_link\" href=\"https:\/\/social-media24.pl\/de\/instagram-rollen-leitfaden\/\" title=\"Instagram-Rollen\" data-wpil-keyword-link=\"linked\">Instagram-Rollen<\/a> ist Poesie in Bewegung. Hier ist ein poetischer Leitfaden f\u00fcr die Erstellung von Inhalten:<\/p>\n\n\n\n<p>A. Tanz und musikalische Themen<\/p>\n\n\n\n<ul class=\"wp-block-list\">\n<li><strong>Groove mit den Klassikern: <\/strong>Wie Jazz in einem verrauchten Raum, lassen Sie sich von den alten Melodien leiten.<\/li>\n\n\n\n<li><strong>Nimm den Beat an:<\/strong> Hip-Hop als Herzschlag, Pop als Puls - sp\u00fcre den Rhythmus deines Publikums.<\/li>\n<\/ul>\n\n\n\n<p>B. Heimwerker- und Bildungsrollen<\/p>\n\n\n\n<ol class=\"wp-block-list\" start=\"1\" style=\"list-style-type:1\">\n<li><strong>Weisheit erschaffen: <\/strong>Wie beim Weben von F\u00e4den zu Stoffen k\u00f6nnen Sie Ihre F\u00e4higkeiten auf angenehme Weise weitergeben.<\/li>\n\n\n\n<li><strong>Wissen ausgesetzt:<\/strong> Seien Sie eine weise Eule in einem Wald der Verwirrung, die f\u00fcr Einsicht und Klarheit sorgt.<\/li>\n<\/ol>\n\n\n\n<p>Der Zauber von Reels liegt in der Harmonie zwischen Inhalt und Stil.<\/p>\n\n\n\n<h2 class=\"wp-block-heading\"><strong>Abschnitt 3: Die Kunst des visuellen Geschichtenerz\u00e4hlens<\/strong><strong><\/strong><\/h2>\n\n\n\n<p>Wenn das Herz spricht, sind keine Worte n\u00f6tig. Schauen wir uns die visuelle Poesie an, die ein integraler Bestandteil der <a class=\"wpil_keyword_link\" href=\"https:\/\/social-media24.pl\/de\/instagram-rollen-leitfaden\/\" title=\"Instagram-Rollen\" data-wpil-keyword-link=\"linked\">Instagram-Rollen<\/a>.<\/p>\n\n\n\n<p>A. Bilder und Symbole<\/p>\n\n\n\n<ul class=\"wp-block-list\">\n<li><strong>Ein Bild sagt mehr als tausend Worte: <\/strong>Verwenden Sie aussagekr\u00e4ftige Bilder, um visuelle Erz\u00e4hlungen zu erstellen.<\/li>\n\n\n\n<li><strong>Symbole und Zeichen: <\/strong>Wie uralte Runen tragen Symbole Bedeutungen, die \u00fcber Worte hinausgehen. W\u00e4hlen Sie sie mit Bedacht, damit sie bei Ihrem Publikum ankommen.<\/li>\n<\/ul>\n\n\n\n<p>B. Farbe und Stimmung<\/p>\n\n\n\n<ul class=\"wp-block-list\">\n<li><strong>Farbe als Emotion: <\/strong>Stellen Sie sich die Farben wie Noten vor, von denen jede einen anderen emotionalen Ton angibt.<\/li>\n\n\n\n<li><strong>Harmonie der Palette: <\/strong>Wie die Sinfonie muss auch die Farbpalette mit der Botschaft harmonieren.<\/li>\n<\/ul>\n\n\n\n<p><strong>Tabelle: Farben und Emotionen<\/strong><\/p>\n\n\n\n<figure class=\"wp-block-table\"><table><thead><tr><td><strong>Farbe<\/strong><strong><\/strong><\/td><td><strong>Emotionen<\/strong><strong><\/strong><\/td><\/tr><\/thead><tbody><tr><td>Rot<\/td><td>Leidenschaft, Energie<\/td><\/tr><tr><td>Blau<\/td><td>Ruhig, vertrauensw\u00fcrdig<\/td><\/tr><tr><td>Gr\u00fcn<\/td><td>Wachstum, Harmonie<\/td><\/tr><\/tbody><\/table><\/figure>\n\n\n\n<h2 class=\"wp-block-heading\"><strong>Teil 4: Zusammenarbeit mit der Gemeinschaft<\/strong><strong><\/strong><\/h2>\n\n\n\n<p>Die Sch\u00f6nheit des Ozeans liegt in seinen Wellen, und der Charme von Instagram liegt in seiner Community. Hier erfahren Sie, wie Sie auf den Wellen des Engagements surfen k\u00f6nnen:<\/p>\n\n\n\n<p>A. Zusammenarbeit und Herausforderungen<\/p>\n\n\n\n<ul class=\"wp-block-list\">\n<li><strong>Mit anderen tanzen: <\/strong>Arbeiten Sie mit anderen Kreativen zusammen; betrachten Sie es als einen virtuellen Tango.<\/li>\n\n\n\n<li><strong>Herausforderungen und Trends: <\/strong>Liquid auf der Welle der aktuellen Trends und verleiht ihr einen ganz eigenen Touch.<\/li>\n<\/ul>\n\n\n\n<p>B. Reagieren und Beziehungen aufbauen<\/p>\n\n\n\n<ol class=\"wp-block-list\" start=\"1\" style=\"list-style-type:1\">\n<li><strong>Ein Nicken, ein L\u00e4cheln, ein Kommentar: <\/strong>&nbsp;Unterhalten Sie sich mit Ihren Zuschauern, so wie Sie es mit Freunden in einem Caf\u00e9 tun w\u00fcrden.<\/li>\n\n\n\n<li><strong>Gemeinschaftsgeb\u00e4ude: <\/strong>Betrachten Sie Ihre Follower als einen Stamm; pflegen Sie sie mit Sorgfalt und Kreativit\u00e4t.<\/li>\n<\/ol>\n\n\n\n<p><strong>Fazit: Der Trommelzauber<\/strong><strong><\/strong><\/p>\n\n\n\n<p>Im Labyrinth des digitalen Ausdrucks ist Instagram Reels ein Leuchtfeuer der Kreativit\u00e4t und Verbindung. Es ist nicht nur ein Feature, sondern eine Symphonie, ein Tanz, ein Bild und ein Gedicht, die alle ineinander verwoben sind.<\/p>\n\n\n\n<p>Deine Trommeln sind dein Verm\u00e4chtnis, ein Spiegelbild deines Wesens. Sie sind mit digitaler Tinte gesungene Sonette, und jedes Bild ist ein Wort, jede Passage eine Strophe.<\/p>\n\n\n\n<p><strong>Wichtigste Ergebnisse:<\/strong><\/p>\n\n\n\n<ul class=\"wp-block-list\">\n<li>Verstehen Sie Ihr Publikum und gehen Sie auf dessen Interessen und W\u00fcnsche ein.<\/li>\n\n\n\n<li>Verwenden Sie visuelle Poesie, einschlie\u00dflich Bilder, Symbole, Farben und Stimmungen, um das Publikum zu fesseln.<\/li>\n\n\n\n<li>Engagieren Sie sich und arbeiten Sie mit Ihrer Gemeinschaft zusammen, um sinnvolle Verbindungen aufzubauen.<\/li>\n\n\n\n<li>Nehmen Sie Ihre einzigartige Stimme wahr und lassen Sie Ihr Schlagzeug zu einem Tanz der Kreativit\u00e4t und Authentizit\u00e4t werden.<\/li>\n<\/ul>\n\n\n\n<h2 class=\"wp-block-heading\"><strong>Bonusabschnitt: Das volle Potenzial der Rollen auf Instagram aussch\u00f6pfen - das kreative Toolkit<\/strong><strong><\/strong><\/h2>\n\n\n\n<p>Ihr Geist ist die Leinwand und Instagram Reels sind die Pinsel und Farben. Aber um ein Meisterwerk zu malen, braucht man die richtigen Werkzeuge und Techniken. Lassen Sie uns einen Blick auf das kreative Handwerkszeug werfen, das die Magie m\u00f6glich macht.<\/p>\n\n\n\n<p>A. Spezialeffekte und \u00dcberg\u00e4nge<\/p>\n\n\n\n<ul class=\"wp-block-list\">\n<li><strong>Wirbel, Strudel und Rauschen: <\/strong>Das sind nicht nur lustige W\u00f6rter, sondern auch visuelle \u00dcberg\u00e4nge, die Ihren Rollen Dynamik verleihen k\u00f6nnen.<\/li>\n\n\n\n<li><strong>Rauch und Spiegel: <\/strong>Verwenden Sie Effekte, um Illusionen zu erzeugen oder eine mystische Note hinzuzuf\u00fcgen.<\/li>\n<\/ul>\n\n\n\n<p><strong>Tabelle: Popul\u00e4re Effekte und ihre Auswirkungen<\/strong><\/p>\n\n\n\n<figure class=\"wp-block-table\"><table><thead><tr><td><strong>Wirkung<\/strong><strong><\/strong><\/td><td><strong>Auswirkungen<\/strong><strong><\/strong><\/td><\/tr><\/thead><tbody><tr><td>Freigegeben Mo<\/td><td>Drama, Intensit\u00e4t<\/td><\/tr><tr><td>St\u00f6rung<\/td><td>Sch\u00e4rfe, Modernit\u00e4t<\/td><\/tr><tr><td>Bumerang<\/td><td>Spa\u00df, Spa\u00df<\/td><\/tr><\/tbody><\/table><\/figure>\n\n\n\n<p>B. Ton und Musik<\/p>\n\n\n\n<ul class=\"wp-block-list\">\n<li><strong>Eine Sinfonie des Klangs:<\/strong> Musik und Soundeffekte sind die unsichtbaren Puppenspieler der Gef\u00fchle.<\/li>\n\n\n\n<li><strong>Die richtige Melodie finden <\/strong>: Wie die Wahl des richtigen Weins, so erg\u00e4nzt auch die richtige Musik den Inhalt.<\/li>\n<\/ul>\n\n\n\n<p>C. Text und Bildunterschriften<\/p>\n\n\n\n<ul class=\"wp-block-list\">\n<li><strong>Ein Gefl\u00fcster in der Menge: <\/strong>Ein subtiler Text kann den Zuh\u00f6rern Geheimnisse zufl\u00fcstern.<\/li>\n\n\n\n<li><strong>Sie schreien von den D\u00e4chern: <\/strong>Fettgedruckte Bildunterschriften k\u00f6nnen Ihre Botschaft laut und deutlich verk\u00fcnden.<\/li>\n<\/ul>\n\n\n\n<p><strong>Abschlie\u00dfende Gedanken<\/strong><strong><\/strong><\/p>\n\n\n\n<p>Instagram Reels sind mehr als eine Funktion; sie sind ein Universum, das darauf wartet, entdeckt zu werden. Mit jedem Reel ver\u00f6ffentlichen Sie nicht nur Inhalte, sondern Sie schaffen Kunst, weben Emotionen und verbinden Welten.<\/p>\n\n\n\n<p>Denken Sie daran, dass es keinen \"richtigen\" Weg gibt, eine Trommel zu kreieren; es gibt nur \"Ihren\" Weg. Lassen Sie also Ihrer Fantasie freien Lauf, nutzen Sie diese Werkzeuge und schaffen Sie die Art von Inhalten, die Ihre Seele zum Tanzen bringt.<\/p>\n\n\n\n<p><strong>Wichtigste Ergebnisse:<\/strong><\/p>\n\n\n\n<ul class=\"wp-block-list\">\n<li>Nutzen Sie Spezialeffekte, \u00dcberg\u00e4nge und Musik, um das visuelle und auditive Erlebnis zu verbessern.<\/li>\n\n\n\n<li>Spielen Sie mit Text und Bildunterschriften, um zu erz\u00e4hlen, zu betonen oder zu dramatisieren.<\/li>\n\n\n\n<li>Seien Sie furchtlos, seien Sie authentisch und lassen Sie Ihre Kreativit\u00e4t in jedem Bild durchscheinen.<\/li>\n<\/ul>","protected":false},"excerpt":{"rendered":"<p>Rolki na Instagramie &#8211; Generator Pomys\u0142\u00f3w na Anga\u017cuj\u0105ce REELS Jak dzia\u0142a generator pomys\u0142\u00f3w na Instagram REELS? Wprowadzenie Ach, wirtualna scena Instagram Reels, gdzie kreatywno\u015b\u0107 ta\u0144czy ze spontaniczno\u015bci\u0105! W \u015bwiecie nap\u0119dzanym przez obrazy i ulotne chwile Instagram Reels sta\u0142 si\u0119 t\u0119tni\u0105c\u0105 \u017cyciem platform\u0105 zar\u00f3wno dla tw\u00f3rc\u00f3w, jak i konsument\u00f3w. To co\u015b wi\u0119cej ni\u017c funkcja; To p\u0142\u00f3tno,&#8230;<\/p>","protected":false},"author":1,"featured_media":0,"parent":0,"menu_order":0,"comment_status":"closed","ping_status":"closed","template":"","meta":{"_kad_blocks_custom_css":"","_kad_blocks_head_custom_js":"","_kad_blocks_body_custom_js":"","_kad_blocks_footer_custom_js":"","_kad_post_transparent":"","_kad_post_title":"","_kad_post_layout":"","_kad_post_sidebar_id":"","_kad_post_content_style":"","_kad_post_vertical_padding":"","_kad_post_feature":"","_kad_post_feature_position":"","_kad_post_header":false,"_kad_post_footer":false,"footnotes":""},"class_list":["post-11938","page","type-page","status-publish","hentry"],"taxonomy_info":[],"featured_image_src_large":false,"author_info":{"display_name":"social","author_link":"https:\/\/social-media24.pl\/de\/author\/social\/"},"comment_info":0,"_links":{"self":[{"href":"https:\/\/social-media24.pl\/de\/wp-json\/wp\/v2\/pages\/11938","targetHints":{"allow":["GET"]}}],"collection":[{"href":"https:\/\/social-media24.pl\/de\/wp-json\/wp\/v2\/pages"}],"about":[{"href":"https:\/\/social-media24.pl\/de\/wp-json\/wp\/v2\/types\/page"}],"author":[{"embeddable":true,"href":"https:\/\/social-media24.pl\/de\/wp-json\/wp\/v2\/users\/1"}],"replies":[{"embeddable":true,"href":"https:\/\/social-media24.pl\/de\/wp-json\/wp\/v2\/comments?post=11938"}],"version-history":[{"count":1,"href":"https:\/\/social-media24.pl\/de\/wp-json\/wp\/v2\/pages\/11938\/revisions"}],"predecessor-version":[{"id":17514,"href":"https:\/\/social-media24.pl\/de\/wp-json\/wp\/v2\/pages\/11938\/revisions\/17514"}],"wp:attachment":[{"href":"https:\/\/social-media24.pl\/de\/wp-json\/wp\/v2\/media?parent=11938"}],"curies":[{"name":"wp","href":"https:\/\/api.w.org\/{rel}","templated":true}]}}