{"id":155,"date":"2022-11-09T20:09:04","date_gmt":"2022-11-09T20:09:04","guid":{"rendered":"https:\/\/social-media24.pl\/?page_id=155"},"modified":"2024-10-27T18:24:36","modified_gmt":"2024-10-27T18:24:36","slug":"strona-glowna","status":"publish","type":"page","link":"https:\/\/social-media24.pl\/de\/","title":{"rendered":"Homepage"},"content":{"rendered":"<div data-elementor-type=\"wp-page\" data-elementor-id=\"155\" class=\"elementor elementor-155\">\n\t\t\t\t\t\t<section class=\"elementor-section elementor-top-section elementor-element elementor-element-73574de elementor-section-content-middle elementor-section-boxed elementor-section-height-default elementor-section-height-default\" data-id=\"73574de\" data-element_type=\"section\">\n\t\t\t\t\t\t<div class=\"elementor-container elementor-column-gap-default\">\n\t\t\t\t\t<div class=\"elementor-column elementor-col-50 elementor-top-column elementor-element elementor-element-4d87eb81\" data-id=\"4d87eb81\" data-element_type=\"column\">\n\t\t\t<div class=\"elementor-widget-wrap elementor-element-populated\">\n\t\t\t\t\t\t<div class=\"elementor-element elementor-element-71cb9e8b elementor-widget elementor-widget-heading\" data-id=\"71cb9e8b\" data-element_type=\"widget\" data-widget_type=\"heading.default\">\n\t\t\t\t<div class=\"elementor-widget-container\">\n\t\t\t<h1 class=\"elementor-heading-title elementor-size-default\">Trends im Marketing auf Instagram, TikToku und LinkedIn<\/h1>\t\t<\/div>\n\t\t\t\t<\/div>\n\t\t\t\t<div class=\"elementor-element elementor-element-7e469e82 elementor-icon-list--layout-traditional elementor-list-item-link-full_width elementor-widget elementor-widget-icon-list\" data-id=\"7e469e82\" data-element_type=\"widget\" data-widget_type=\"icon-list.default\">\n\t\t\t\t<div class=\"elementor-widget-container\">\n\t\t\t\t\t<ul class=\"elementor-icon-list-items\">\n\t\t\t\t\t\t\t<li class=\"elementor-icon-list-item\">\n\t\t\t\t\t\t\t\t\t\t<span class=\"elementor-icon-list-text\">\u26a1 Wichtige Informationen \u00fcber TikTok <\/span>\n\t\t\t\t\t\t\t\t\t<\/li>\n\t\t\t\t\t\t\t\t<li class=\"elementor-icon-list-item\">\n\t\t\t\t\t\t\t\t\t\t<span class=\"elementor-icon-list-text\">\ud83e\udd29 Sie lernen die Geheimnisse von Instagram &amp; Influencer Marketing kennen<\/span>\n\t\t\t\t\t\t\t\t\t<\/li>\n\t\t\t\t\t\t\t\t<li class=\"elementor-icon-list-item\">\n\t\t\t\t\t\t\t\t\t\t<span class=\"elementor-icon-list-text\">\ud83d\udc4d Zugang zu den besten Informationen aus der Welt der sozialen Medien<\/span>\n\t\t\t\t\t\t\t\t\t<\/li>\n\t\t\t\t\t\t<\/ul>\n\t\t\t\t<\/div>\n\t\t\t\t<\/div>\n\t\t\t\t<div class=\"elementor-element elementor-element-2bfd1960 elementor-widget elementor-widget-button\" data-id=\"2bfd1960\" data-element_type=\"widget\" data-widget_type=\"button.default\">\n\t\t\t\t<div class=\"elementor-widget-container\">\n\t\t\t\t\t\t\t<div class=\"elementor-button-wrapper\">\n\t\t\t\t\t<a class=\"elementor-button elementor-button-link elementor-size-sm\" href=\"\/de\/blog\/\">\n\t\t\t\t\t\t<span class=\"elementor-button-content-wrapper\">\n\t\t\t\t\t\t\t\t\t<span class=\"elementor-button-text\">kostenlos lesen<\/span>\n\t\t\t\t\t<\/span>\n\t\t\t\t\t<\/a>\n\t\t\t\t<\/div>\n\t\t\t\t\t\t<\/div>\n\t\t\t\t<\/div>\n\t\t\t\t<div class=\"elementor-element elementor-element-79485468 elementor-widget__width-initial elementor-widget elementor-widget-text-editor\" data-id=\"79485468\" data-element_type=\"widget\" data-widget_type=\"text-editor.default\">\n\t\t\t\t<div class=\"elementor-widget-container\">\n\t\t\t\t\t\t\t<p>Soziale Medien haben sich <strong>ein integraler Bestandteil des Lebens und der t\u00e4glichen Aktivit\u00e4ten<\/strong>und Menschen. Manche Menschen sind so s\u00fcchtig danach, dass sie nach dem Aufwachen als Erstes ihre Social-Media-Kan\u00e4le \u00fcberpr\u00fcfen.<\/p>\t\t\t\t\t\t<\/div>\n\t\t\t\t<\/div>\n\t\t\t\t\t<\/div>\n\t\t<\/div>\n\t\t\t\t<div class=\"elementor-column elementor-col-50 elementor-top-column elementor-element elementor-element-781f841c\" data-id=\"781f841c\" data-element_type=\"column\">\n\t\t\t<div class=\"elementor-widget-wrap elementor-element-populated\">\n\t\t\t\t\t\t<div class=\"elementor-element elementor-element-7bc57e48 elementor-widget elementor-widget-image\" data-id=\"7bc57e48\" data-element_type=\"widget\" data-widget_type=\"image.default\">\n\t\t\t\t<div class=\"elementor-widget-container\">\n\t\t\t\t\t\t\t\t\t\t\t\t\t<img fetchpriority=\"high\" decoding=\"async\" width=\"753\" height=\"817\" src=\"https:\/\/social-media24.pl\/wp-content\/uploads\/2022\/11\/looney-cowboy.webp\" class=\"attachment-large size-large wp-image-290\" alt=\"Startseite Looney Cowboy\" srcset=\"https:\/\/social-media24.pl\/wp-content\/uploads\/2022\/11\/looney-cowboy.webp 753w, https:\/\/social-media24.pl\/wp-content\/uploads\/2022\/11\/looney-cowboy-276x300.webp 276w, https:\/\/social-media24.pl\/wp-content\/uploads\/2022\/11\/looney-cowboy-135x146.webp 135w, https:\/\/social-media24.pl\/wp-content\/uploads\/2022\/11\/looney-cowboy-750x814.webp 750w\" sizes=\"(max-width: 753px) 100vw, 753px\" \/>\t\t\t\t\t\t\t\t\t\t\t\t\t<\/div>\n\t\t\t\t<\/div>\n\t\t\t\t\t<\/div>\n\t\t<\/div>\n\t\t\t\t\t<\/div>\n\t\t<\/section>\n\t\t\t\t<section class=\"elementor-section elementor-top-section elementor-element elementor-element-1ab572a elementor-section-boxed elementor-section-height-default elementor-section-height-default\" data-id=\"1ab572a\" data-element_type=\"section\" data-settings=\"{&quot;background_background&quot;:&quot;classic&quot;}\">\n\t\t\t\t\t\t<div class=\"elementor-container elementor-column-gap-default\">\n\t\t\t\t\t<div class=\"elementor-column elementor-col-100 elementor-top-column elementor-element elementor-element-2c149515\" data-id=\"2c149515\" data-element_type=\"column\">\n\t\t\t<div class=\"elementor-widget-wrap elementor-element-populated\">\n\t\t\t\t\t\t<div class=\"elementor-element elementor-element-7e2ee3fa elementor-widget__width-initial elementor-widget elementor-widget-text-editor\" data-id=\"7e2ee3fa\" data-element_type=\"widget\" data-widget_type=\"text-editor.default\">\n\t\t\t\t<div class=\"elementor-widget-container\">\n\t\t\t\t\t\t\t<p><strong>Angesichts der Bedeutung der sozialen Medien<\/strong> in das Leben der Verbraucher ein, und die Vermarkter und Unternehmen treten in die <a class=\"wpil_keyword_link\" href=\"https:\/\/social-media24.pl\/de\/5-platform-mediow-spolecznosciowych-ktore-mialy-dobry-rok-2022\/\" target=\"_blank\"  rel=\"noopener\" title=\"Social-Media-Plattformen\" data-wpil-keyword-link=\"linked\">Social-Media-Plattformen<\/a> in der Hoffnung, die Zielkunden leichter zu finden.<\/p><p>In den sozialen Medien gibt es eine \u00dcberf\u00fclle an Inhalten, <strong>und der Wettbewerb ist sehr hoch<\/strong>. Es kann schwierig sein, sich von der Masse abzuheben, wenn Sie keine klare Marketingstrategie f\u00fcr soziale Medien haben.<\/p><p><strong>\u00dcber die neuesten Trends in den sozialen Medien auf dem Laufenden bleiben <\/strong>k\u00f6nnen Ihre Strategie unterst\u00fctzen und Ihnen helfen, sich von der Masse abzuheben. Wenn Sie mehr \u00fcber diese Trends erfahren m\u00f6chten, lesen Sie <strong><a href=\"https:\/\/social-media24.pl\/de\/blog\/\" target=\"_blank\" rel=\"noopener\">unser Blog<\/a><\/strong>, in dem er die wichtigsten Entwicklungen in der Welt des Online-Marketings beschreibt.<\/p>\t\t\t\t\t\t<\/div>\n\t\t\t\t<\/div>\n\t\t\t\t\t<\/div>\n\t\t<\/div>\n\t\t\t\t\t<\/div>\n\t\t<\/section>\n\t\t\t\t<section class=\"elementor-section elementor-top-section elementor-element elementor-element-032e836 elementor-section-boxed elementor-section-height-default elementor-section-height-default\" data-id=\"032e836\" data-element_type=\"section\">\n\t\t\t\t\t\t<div class=\"elementor-container elementor-column-gap-default\">\n\t\t\t\t\t<div class=\"elementor-column elementor-col-66 elementor-top-column elementor-element elementor-element-08a318f\" data-id=\"08a318f\" data-element_type=\"column\">\n\t\t\t<div class=\"elementor-widget-wrap\">\n\t\t\t\t\t\t\t<\/div>\n\t\t<\/div>\n\t\t\t\t<div class=\"elementor-column elementor-col-33 elementor-top-column elementor-element elementor-element-532340e\" data-id=\"532340e\" data-element_type=\"column\">\n\t\t\t<div class=\"elementor-widget-wrap\">\n\t\t\t\t\t\t\t<\/div>\n\t\t<\/div>\n\t\t\t\t\t<\/div>\n\t\t<\/section>\n\t\t\t\t<section class=\"elementor-section elementor-top-section elementor-element elementor-element-b425a0f elementor-section-content-middle elementor-section-boxed elementor-section-height-default elementor-section-height-default\" data-id=\"b425a0f\" data-element_type=\"section\">\n\t\t\t\t\t\t<div class=\"elementor-container elementor-column-gap-default\">\n\t\t\t\t\t<div class=\"elementor-column elementor-col-50 elementor-top-column elementor-element elementor-element-5df43c4\" data-id=\"5df43c4\" data-element_type=\"column\">\n\t\t\t<div class=\"elementor-widget-wrap elementor-element-populated\">\n\t\t\t\t\t\t<div class=\"elementor-element elementor-element-98b844c elementor-widget elementor-widget-image\" data-id=\"98b844c\" data-element_type=\"widget\" data-widget_type=\"image.default\">\n\t\t\t\t<div class=\"elementor-widget-container\">\n\t\t\t\t\t\t\t\t\t\t\t\t\t<img decoding=\"async\" width=\"750\" height=\"720\" src=\"https:\/\/social-media24.pl\/wp-content\/uploads\/2022\/11\/marketing-w-mediach-spolecznosciowych-tiktok-instagram-linkedin-najlepsze-wskazowki-1.jpg\" class=\"attachment-large size-large wp-image-355\" alt=\"Startseite Social Media Marketing tiktok instagram linkedin top tips 1\" srcset=\"https:\/\/social-media24.pl\/wp-content\/uploads\/2022\/11\/marketing-w-mediach-spolecznosciowych-tiktok-instagram-linkedin-najlepsze-wskazowki-1.jpg 750w, https:\/\/social-media24.pl\/wp-content\/uploads\/2022\/11\/marketing-w-mediach-spolecznosciowych-tiktok-instagram-linkedin-najlepsze-wskazowki-1-300x288.jpg 300w, https:\/\/social-media24.pl\/wp-content\/uploads\/2022\/11\/marketing-w-mediach-spolecznosciowych-tiktok-instagram-linkedin-najlepsze-wskazowki-1-152x146.jpg 152w\" sizes=\"(max-width: 750px) 100vw, 750px\" \/>\t\t\t\t\t\t\t\t\t\t\t\t\t<\/div>\n\t\t\t\t<\/div>\n\t\t\t\t\t<\/div>\n\t\t<\/div>\n\t\t\t\t<div class=\"elementor-column elementor-col-50 elementor-top-column elementor-element elementor-element-d2ab0ac\" data-id=\"d2ab0ac\" data-element_type=\"column\">\n\t\t\t<div class=\"elementor-widget-wrap elementor-element-populated\">\n\t\t\t\t\t\t<div class=\"elementor-element elementor-element-dfe7037 elementor-widget elementor-widget-heading\" data-id=\"dfe7037\" data-element_type=\"widget\" data-widget_type=\"heading.default\">\n\t\t\t\t<div class=\"elementor-widget-container\">\n\t\t\t<h2 class=\"elementor-heading-title elementor-size-default\">Ein Leitfaden f\u00fcr Einsteiger zum Marketing auf Instagram<\/h2>\t\t<\/div>\n\t\t\t\t<\/div>\n\t\t\t\t<div class=\"elementor-element elementor-element-df83259 elementor-widget elementor-widget-text-editor\" data-id=\"df83259\" data-element_type=\"widget\" data-widget_type=\"text-editor.default\">\n\t\t\t\t<div class=\"elementor-widget-container\">\n\t\t\t\t\t\t\t<p>Die sozialen Medien befinden sich in einem st\u00e4ndigen Wandel. Die sozialen Kan\u00e4le entwickeln sich st\u00e4ndig weiter und passen ihre Funktionen an die Attraktivit\u00e4t f\u00fcr die Nutzer und das Wachstumspotenzial an.<\/p><p>Diese st\u00e4ndige Fluktuation ist auch eine gro\u00dfe Chance f\u00fcr Vermarkter, die nach neuen und kreativen Wegen suchen, um ihr Publikum zu erreichen. Der Schl\u00fcssel zu einer erfolgreichen Marketingstrategie besteht darin, die kommenden Social-Media-Trends im Auge zu behalten, die dieses Jahr voraussichtlich dominieren werden.<\/p><p>\ud83d\udca1 Lesen Sie die besten Methoden<strong><a href=\"https:\/\/social-media24.pl\/de\/instagram\/\" target=\"_blank\" rel=\"noopener\"> Instagram-Entwicklung.<\/a><\/strong><\/p>\t\t\t\t\t\t<\/div>\n\t\t\t\t<\/div>\n\t\t\t\t\t<\/div>\n\t\t<\/div>\n\t\t\t\t\t<\/div>\n\t\t<\/section>\n\t\t\t\t<section class=\"elementor-section elementor-top-section elementor-element elementor-element-27d241e elementor-section-content-middle elementor-reverse-mobile elementor-section-boxed elementor-section-height-default elementor-section-height-default\" data-id=\"27d241e\" data-element_type=\"section\">\n\t\t\t\t\t\t<div class=\"elementor-container elementor-column-gap-default\">\n\t\t\t\t\t<div class=\"elementor-column elementor-col-50 elementor-top-column elementor-element elementor-element-31de5b3\" data-id=\"31de5b3\" data-element_type=\"column\">\n\t\t\t<div class=\"elementor-widget-wrap elementor-element-populated\">\n\t\t\t\t\t\t<div class=\"elementor-element elementor-element-7789f23 elementor-widget elementor-widget-heading\" data-id=\"7789f23\" data-element_type=\"widget\" data-widget_type=\"heading.default\">\n\t\t\t\t<div class=\"elementor-widget-container\">\n\t\t\t<h2 class=\"elementor-heading-title elementor-size-default\">Ein anspruchsvoller Leitfaden f\u00fcr das Marketing auf TikTok<\/h2>\t\t<\/div>\n\t\t\t\t<\/div>\n\t\t\t\t<div class=\"elementor-element elementor-element-cc521b1 elementor-widget elementor-widget-text-editor\" data-id=\"cc521b1\" data-element_type=\"widget\" data-widget_type=\"text-editor.default\">\n\t\t\t\t<div class=\"elementor-widget-container\">\n\t\t\t\t\t\t\t<p>Die Macht der <a class=\"wpil_keyword_link\" href=\"https:\/\/social-media24.pl\/de\/10-moglichkeiten-den-tiktok-algorithmus-zu-knacken\/\"   title=\"TikTok\" data-wpil-keyword-link=\"linked\">TikTok<\/a> <strong>ist von unsch\u00e4tzbarem Wert.<\/strong> Die App ist nicht nur f\u00fcr viele Teenager das Mittel der Wahl zum Aufschieben, sondern hat auch einen tiefgreifenden Einfluss auf den Sound und die Kultur der modernen Welt - und clevere Unternehmen auf der ganzen Welt wollen bei der Vermarktung von TikTok mitmischen (und nat\u00fcrlich Geld verdienen).<\/p><p><a class=\"wpil_keyword_link\" href=\"https:\/\/social-media24.pl\/de\/das-geheimnis-des-tiktok-marketings\/\" target=\"_blank\"  rel=\"noopener\" title=\"Marketing auf TikTok\" data-wpil-keyword-link=\"linked\">Marketing auf TikTok<\/a> ist die Nutzung von TikTok, um eine Marke, ein Produkt oder eine Dienstleistung zu bewerben.<\/p><p>Es kann eine Vielzahl von Taktiken wie Influencer Marketing, Werbung <a href=\"https:\/\/social-media24.pl\/de\/10-ratschlage-zur-erstellung-viraler-gewebe-auf-tiktok\/\">TikTok und die Erstellung organischer viraler Inhalte<\/a>.<\/p><p>\ud83d\udca1 Lesen Sie die besten Methoden<a href=\"https:\/\/social-media24.pl\/de\/tic-tock\/\" target=\"_blank\" rel=\"noopener\"><strong> TikTok-Entwicklung.<\/strong><\/a><\/p>\t\t\t\t\t\t<\/div>\n\t\t\t\t<\/div>\n\t\t\t\t\t<\/div>\n\t\t<\/div>\n\t\t\t\t<div class=\"elementor-column elementor-col-50 elementor-top-column elementor-element elementor-element-8e3a534\" data-id=\"8e3a534\" data-element_type=\"column\">\n\t\t\t<div class=\"elementor-widget-wrap elementor-element-populated\">\n\t\t\t\t\t\t<div class=\"elementor-element elementor-element-804b785 elementor-widget elementor-widget-image\" data-id=\"804b785\" data-element_type=\"widget\" data-widget_type=\"image.default\">\n\t\t\t\t<div class=\"elementor-widget-container\">\n\t\t\t\t\t\t\t\t\t\t\t\t\t<img decoding=\"async\" width=\"750\" height=\"720\" src=\"https:\/\/social-media24.pl\/wp-content\/uploads\/2022\/11\/marketing-w-mediach-spolecznosciowych-tiktok-instagram-linkedin-najlepsze-wskazowki-3.jpg\" class=\"attachment-large size-large wp-image-357\" alt=\"Startseite Social Media Marketing tiktok instagram linkedin top tips 3\" srcset=\"https:\/\/social-media24.pl\/wp-content\/uploads\/2022\/11\/marketing-w-mediach-spolecznosciowych-tiktok-instagram-linkedin-najlepsze-wskazowki-3.jpg 750w, https:\/\/social-media24.pl\/wp-content\/uploads\/2022\/11\/marketing-w-mediach-spolecznosciowych-tiktok-instagram-linkedin-najlepsze-wskazowki-3-300x288.jpg 300w, https:\/\/social-media24.pl\/wp-content\/uploads\/2022\/11\/marketing-w-mediach-spolecznosciowych-tiktok-instagram-linkedin-najlepsze-wskazowki-3-152x146.jpg 152w\" sizes=\"(max-width: 750px) 100vw, 750px\" \/>\t\t\t\t\t\t\t\t\t\t\t\t\t<\/div>\n\t\t\t\t<\/div>\n\t\t\t\t\t<\/div>\n\t\t<\/div>\n\t\t\t\t\t<\/div>\n\t\t<\/section>\n\t\t\t\t<section class=\"elementor-section elementor-top-section elementor-element elementor-element-231b309 elementor-section-content-middle elementor-section-boxed elementor-section-height-default elementor-section-height-default\" data-id=\"231b309\" data-element_type=\"section\">\n\t\t\t\t\t\t<div class=\"elementor-container elementor-column-gap-default\">\n\t\t\t\t\t<div class=\"elementor-column elementor-col-50 elementor-top-column elementor-element elementor-element-375e933\" data-id=\"375e933\" data-element_type=\"column\">\n\t\t\t<div class=\"elementor-widget-wrap elementor-element-populated\">\n\t\t\t\t\t\t<div class=\"elementor-element elementor-element-f3dbe7c elementor-widget elementor-widget-image\" data-id=\"f3dbe7c\" data-element_type=\"widget\" data-widget_type=\"image.default\">\n\t\t\t\t<div class=\"elementor-widget-container\">\n\t\t\t\t\t\t\t\t\t\t\t\t\t<img loading=\"lazy\" decoding=\"async\" width=\"750\" height=\"720\" src=\"https:\/\/social-media24.pl\/wp-content\/uploads\/2022\/11\/marketing-w-mediach-spolecznosciowych-tiktok-instagram-linkedin-najlepsze-wskazowki-2.jpg\" class=\"attachment-large size-large wp-image-356\" alt=\"Startseite Social Media Marketing tiktok instagram linkedin top tips 2\" srcset=\"https:\/\/social-media24.pl\/wp-content\/uploads\/2022\/11\/marketing-w-mediach-spolecznosciowych-tiktok-instagram-linkedin-najlepsze-wskazowki-2.jpg 750w, https:\/\/social-media24.pl\/wp-content\/uploads\/2022\/11\/marketing-w-mediach-spolecznosciowych-tiktok-instagram-linkedin-najlepsze-wskazowki-2-300x288.jpg 300w, https:\/\/social-media24.pl\/wp-content\/uploads\/2022\/11\/marketing-w-mediach-spolecznosciowych-tiktok-instagram-linkedin-najlepsze-wskazowki-2-152x146.jpg 152w\" sizes=\"(max-width: 750px) 100vw, 750px\" \/>\t\t\t\t\t\t\t\t\t\t\t\t\t<\/div>\n\t\t\t\t<\/div>\n\t\t\t\t\t<\/div>\n\t\t<\/div>\n\t\t\t\t<div class=\"elementor-column elementor-col-50 elementor-top-column elementor-element elementor-element-8a77ba9\" data-id=\"8a77ba9\" data-element_type=\"column\">\n\t\t\t<div class=\"elementor-widget-wrap elementor-element-populated\">\n\t\t\t\t\t\t<div class=\"elementor-element elementor-element-e390dd3 elementor-widget elementor-widget-heading\" data-id=\"e390dd3\" data-element_type=\"widget\" data-widget_type=\"heading.default\">\n\t\t\t\t<div class=\"elementor-widget-container\">\n\t\t\t<h2 class=\"elementor-heading-title elementor-size-default\">Leitfaden f\u00fcr Profis zum Marketing auf LinkedIn<\/h2>\t\t<\/div>\n\t\t\t\t<\/div>\n\t\t\t\t<div class=\"elementor-element elementor-element-15ba40f elementor-widget elementor-widget-text-editor\" data-id=\"15ba40f\" data-element_type=\"widget\" data-widget_type=\"text-editor.default\">\n\t\t\t\t<div class=\"elementor-widget-container\">\n\t\t\t\t\t\t\t<p>LinkedIn ist ein gro\u00dfartiger Ort, um sich zu vernetzen und Ihr Unternehmen auszubauen. Diese Marketing-Tipps werden Ihnen helfen, diese Plattform besser zu nutzen <a href=\"https:\/\/social-media24.pl\/de\/was-die-rolle-eines-social-media-strategen-ausmacht\/\">soziale Medien<\/a>.<\/p><p>LinkedIn ist eine soziale Medienplattform, die zum Aufbau von Markenbewusstsein und Beziehungen zu Verbrauchern genutzt werden kann.<\/p><p>Indem sie ansprechende Inhalte posten und an Branchendiskussionen teilnehmen, k\u00f6nnen Unternehmen, die LinkedIn nutzen, potenzielle Kunden und Partner ansprechen. Gesch\u00e4ftsinhaber k\u00f6nnen LinkedIn nutzen, um ihre E-Mail-Marketingliste mit ihren beruflichen Verbindungen und Netzwerken zu erweitern....<\/p><p>\ud83d\udca1 Lesen Sie die besten Methoden<strong><a href=\"https:\/\/social-media24.pl\/de\/linkedin\/\" target=\"_blank\" rel=\"noopener\"> LinkedIn Entwicklung.<\/a><\/strong><\/p>\t\t\t\t\t\t<\/div>\n\t\t\t\t<\/div>\n\t\t\t\t\t<\/div>\n\t\t<\/div>\n\t\t\t\t\t<\/div>\n\t\t<\/section>\n\t\t\t\t<section class=\"elementor-section elementor-top-section elementor-element elementor-element-14b2823e elementor-section-boxed elementor-section-height-default elementor-section-height-default\" data-id=\"14b2823e\" data-element_type=\"section\" data-settings=\"{&quot;background_background&quot;:&quot;classic&quot;}\">\n\t\t\t\t\t\t\t<div class=\"elementor-background-overlay\"><\/div>\n\t\t\t\t\t\t\t<div class=\"elementor-container elementor-column-gap-default\">\n\t\t\t\t\t<div class=\"elementor-column elementor-col-100 elementor-top-column elementor-element elementor-element-1988efe5\" data-id=\"1988efe5\" data-element_type=\"column\">\n\t\t\t<div class=\"elementor-widget-wrap elementor-element-populated\">\n\t\t\t\t\t\t<div class=\"elementor-element elementor-element-3a02c7d8 elementor-widget elementor-widget-heading\" data-id=\"3a02c7d8\" data-element_type=\"widget\" data-widget_type=\"heading.default\">\n\t\t\t\t<div class=\"elementor-widget-container\">\n\t\t\t<h2 class=\"elementor-heading-title elementor-size-default\">DIE DATEN, DIE SIE VERMISST HABEN!<\/h2>\t\t<\/div>\n\t\t\t\t<\/div>\n\t\t\t\t<div class=\"elementor-element elementor-element-4183a529 elementor-align-center confetti-button elementor-widget elementor-widget-button\" data-id=\"4183a529\" data-element_type=\"widget\" data-widget_type=\"button.default\">\n\t\t\t\t<div class=\"elementor-widget-container\">\n\t\t\t\t\t\t\t<div class=\"elementor-button-wrapper\">\n\t\t\t\t\t<a class=\"elementor-button elementor-button-link elementor-size-sm\" href=\"\/de\/blog\/\">\n\t\t\t\t\t\t<span class=\"elementor-button-content-wrapper\">\n\t\t\t\t\t\t\t\t\t<span class=\"elementor-button-text\">VERFOLGEN SIE DIE NEUESTEN TRENDS IN DEN SOZIALEN MEDIEN<\/span>\n\t\t\t\t\t<\/span>\n\t\t\t\t\t<\/a>\n\t\t\t\t<\/div>\n\t\t\t\t\t\t<\/div>\n\t\t\t\t<\/div>\n\t\t\t\t<div class=\"elementor-element elementor-element-7e0d85bd elementor-widget__width-initial elementor-widget elementor-widget-text-editor\" data-id=\"7e0d85bd\" data-element_type=\"widget\" data-widget_type=\"text-editor.default\">\n\t\t\t\t<div class=\"elementor-widget-container\">\n\t\t\t\t\t\t\t<p>Instagram ist zwar immer noch der klare Favorit, aber TikTok r\u00fcckt in der Rangliste nach oben. Und da kurze Videoinhalte immer beliebter werden, ist TikTok die ideale Plattform f\u00fcr das Jahr 2022.<\/p>\t\t\t\t\t\t<\/div>\n\t\t\t\t<\/div>\n\t\t\t\t\t<\/div>\n\t\t<\/div>\n\t\t\t\t\t<\/div>\n\t\t<\/section>\n\t\t\t\t<\/div>","protected":false},"excerpt":{"rendered":"<p>Trendy w marketingu na Instagramie, TikToku &#038; LinkedIn \u26a1 Najwa\u017cniejsze informacje dotycz\u0105ce TikToka \ud83e\udd29 Poznasz sekrety Instagram &#038; Influencer marketingu \ud83d\udc4d Dost\u0119p do najlepszych informacji ze \u015bwiata social media Czytaj za darmo Media spo\u0142eczno\u015bciowe sta\u0142y si\u0119 integraln\u0105 cz\u0119\u015bci\u0105 \u017cycia i codziennych czynno\u015bci ludzi. Niekt\u00f3rzy s\u0105 od nich uzale\u017cnieni tak bardzo, \u017ce pierwsz\u0105 rzecz\u0105, jak\u0105 robi\u0105&#8230;<\/p>","protected":false},"author":1,"featured_media":0,"parent":0,"menu_order":0,"comment_status":"closed","ping_status":"closed","template":"","meta":{"_kad_blocks_custom_css":"","_kad_blocks_head_custom_js":"","_kad_blocks_body_custom_js":"","_kad_blocks_footer_custom_js":"","_kad_post_transparent":"","_kad_post_title":"","_kad_post_layout":"","_kad_post_sidebar_id":"","_kad_post_content_style":"","_kad_post_vertical_padding":"","_kad_post_feature":"","_kad_post_feature_position":"","_kad_post_header":false,"_kad_post_footer":false,"footnotes":""},"class_list":["post-155","page","type-page","status-publish","hentry"],"taxonomy_info":[],"featured_image_src_large":false,"author_info":{"display_name":"social","author_link":"https:\/\/social-media24.pl\/de\/author\/social\/"},"comment_info":0,"_links":{"self":[{"href":"https:\/\/social-media24.pl\/de\/wp-json\/wp\/v2\/pages\/155","targetHints":{"allow":["GET"]}}],"collection":[{"href":"https:\/\/social-media24.pl\/de\/wp-json\/wp\/v2\/pages"}],"about":[{"href":"https:\/\/social-media24.pl\/de\/wp-json\/wp\/v2\/types\/page"}],"author":[{"embeddable":true,"href":"https:\/\/social-media24.pl\/de\/wp-json\/wp\/v2\/users\/1"}],"replies":[{"embeddable":true,"href":"https:\/\/social-media24.pl\/de\/wp-json\/wp\/v2\/comments?post=155"}],"version-history":[{"count":1,"href":"https:\/\/social-media24.pl\/de\/wp-json\/wp\/v2\/pages\/155\/revisions"}],"predecessor-version":[{"id":15615,"href":"https:\/\/social-media24.pl\/de\/wp-json\/wp\/v2\/pages\/155\/revisions\/15615"}],"wp:attachment":[{"href":"https:\/\/social-media24.pl\/de\/wp-json\/wp\/v2\/media?parent=155"}],"curies":[{"name":"wp","href":"https:\/\/api.w.org\/{rel}","templated":true}]}}