{"id":15320,"date":"2024-06-04T22:57:37","date_gmt":"2024-06-04T22:57:37","guid":{"rendered":"https:\/\/social-media24.pl\/?page_id=15320"},"modified":"2024-10-28T02:45:28","modified_gmt":"2024-10-28T02:45:28","slug":"generator-promptow-do-midjourney-darmowy","status":"publish","type":"page","link":"https:\/\/social-media24.pl\/es\/generator-promptow-do-midjourney-darmowy\/","title":{"rendered":"Generator prompt\u00f3w do Midjourney &#8211; DARMOWY"},"content":{"rendered":"<div data-elementor-type=\"wp-page\" data-elementor-id=\"15320\" class=\"elementor elementor-15320\">\n\t\t\t\t\t\t<section class=\"elementor-section elementor-top-section elementor-element elementor-element-73574de elementor-section-content-middle elementor-section-boxed elementor-section-height-default elementor-section-height-default\" data-id=\"73574de\" data-element_type=\"section\">\n\t\t\t\t\t\t<div class=\"elementor-container elementor-column-gap-default\">\n\t\t\t\t\t<div class=\"elementor-column elementor-col-100 elementor-top-column elementor-element elementor-element-4d87eb81\" data-id=\"4d87eb81\" data-element_type=\"column\">\n\t\t\t<div class=\"elementor-widget-wrap elementor-element-populated\">\n\t\t\t\t\t\t<div class=\"elementor-element elementor-element-71cb9e8b elementor-widget elementor-widget-heading\" data-id=\"71cb9e8b\" data-element_type=\"widget\" data-widget_type=\"heading.default\">\n\t\t\t\t<div class=\"elementor-widget-container\">\n\t\t\t<h1 class=\"elementor-heading-title elementor-size-default\">Generator NAJLEPSZYCH prompt\u00f3w do Midjourney<\/h1>\t\t<\/div>\n\t\t\t\t<\/div>\n\t\t\t\t<div class=\"elementor-element elementor-element-7e469e82 elementor-align-center elementor-icon-list--layout-traditional elementor-list-item-link-full_width elementor-widget elementor-widget-icon-list\" data-id=\"7e469e82\" data-element_type=\"widget\" data-widget_type=\"icon-list.default\">\n\t\t\t\t<div class=\"elementor-widget-container\">\n\t\t\t\t\t<ul class=\"elementor-icon-list-items\">\n\t\t\t\t\t\t\t<li class=\"elementor-icon-list-item\">\n\t\t\t\t\t\t\t\t\t\t<span class=\"elementor-icon-list-text\"><img decoding=\"async\" draggable=\"false\" role=\"img\" class=\"emoji\" alt=\"\ud83e\udd29\" src=\"https:\/\/s.w.org\/images\/core\/emoji\/15.0.3\/svg\/1f929.svg\"> Zacznij korzysta\u0107 z <b>najlepszego kreatora podpowiedzi dla MIdjourney.<\/b> Jest darmowy i \u0142atwy w u\u017cyciu. Tw\u00f3rz szczeg\u00f3\u0142owe podpowiedzi dla unikalnych projekt\u00f3w generowanych przez SI.<\/span>\n\t\t\t\t\t\t\t\t\t<\/li>\n\t\t\t\t\t\t<\/ul>\n\t\t\t\t<\/div>\n\t\t\t\t<\/div>\n\t\t\t\t<div class=\"elementor-element elementor-element-1eacfbe elementor-widget elementor-widget-shortcode\" data-id=\"1eacfbe\" data-element_type=\"widget\" id=\"midjourney-prompt\" data-widget_type=\"shortcode.default\">\n\t\t\t\t<div class=\"elementor-widget-container\">\n\t\t\t\t\t<div class=\"elementor-shortcode\"><div class='mwai-chatbot-container' data-params='{&quot;aiName&quot;:&quot;&quot;,&quot;userName&quot;:&quot; &quot;,&quot;guestName&quot;:&quot;Guest:&quot;,&quot;textSend&quot;:&quot;Wy\\u015blij&quot;,&quot;textClear&quot;:&quot;Wyczy\\u015b\\u0107&quot;,&quot;fileSearch&quot;:&quot;&quot;,&quot;textInputPlaceholder&quot;:&quot;Wpisz sw\\u00f3j kr\\u00f3tki prompt...&quot;,&quot;textInputMaxLength&quot;:512,&quot;textCompliance&quot;:&quot;&quot;,&quot;startSentence&quot;:&quot;Cze\\u015b\\u0107! Pomog\\u0119 Ci wygenerowa\\u0107 NAJLEPSZY prompt do MIDJOURNEY&quot;,&quot;localMemory&quot;:&quot;&quot;,&quot;themeId&quot;:&quot;chatgpt&quot;,&quot;window&quot;:&quot;&quot;,&quot;icon&quot;:&quot;chat-color-red.svg&quot;,&quot;iconText&quot;:&quot;&quot;,&quot;iconAlt&quot;:&quot;AI Chatbot Avatar&quot;,&quot;iconPosition&quot;:&quot;bottom-right&quot;,&quot;fullscreen&quot;:&quot;&quot;,&quot;copyButton&quot;:1}' data-system='{&quot;botId&quot;:&quot;chatbot-t7ogu3&quot;,&quot;customId&quot;:null,&quot;userData&quot;:null,&quot;sessionId&quot;:&quot;N\\\/A&quot;,&quot;restNonce&quot;:&quot;565135b83d&quot;,&quot;contextId&quot;:15320,&quot;pluginUrl&quot;:&quot;https:\\\/\\\/social-media24.pl\\\/wp-content\\\/plugins\\\/ai-engine-pro\\\/&quot;,&quot;restUrl&quot;:&quot;https:\\\/\\\/social-media24.pl\\\/es\\\/wp-json&quot;,&quot;debugMode&quot;:true,&quot;typewriter&quot;:false,&quot;speech_recognition&quot;:false,&quot;speech_synthesis&quot;:false,&quot;stream&quot;:false}' data-theme='{&quot;type&quot;:&quot;internal&quot;,&quot;name&quot;:&quot;ChatGPT&quot;,&quot;themeId&quot;:&quot;chatgpt&quot;,&quot;settings&quot;:[],&quot;style&quot;:&quot;&quot;}'><\/div><\/div>\n\t\t\t\t<\/div>\n\t\t\t\t<\/div>\n\t\t\t\t\t<\/div>\n\t\t<\/div>\n\t\t\t\t\t<\/div>\n\t\t<\/section>\n\t\t\t\t<section class=\"elementor-section elementor-top-section elementor-element elementor-element-1ab572a elementor-section-boxed elementor-section-height-default elementor-section-height-default\" data-id=\"1ab572a\" data-element_type=\"section\" data-settings=\"{&quot;background_background&quot;:&quot;classic&quot;}\">\n\t\t\t\t\t\t<div class=\"elementor-container elementor-column-gap-default\">\n\t\t\t\t\t<div class=\"elementor-column elementor-col-100 elementor-top-column elementor-element elementor-element-2c149515\" data-id=\"2c149515\" data-element_type=\"column\">\n\t\t\t<div class=\"elementor-widget-wrap elementor-element-populated\">\n\t\t\t\t\t\t<div class=\"elementor-element elementor-element-7e2ee3fa elementor-widget__width-initial elementor-widget elementor-widget-text-editor\" data-id=\"7e2ee3fa\" data-element_type=\"widget\" data-widget_type=\"text-editor.default\">\n\t\t\t\t<div class=\"elementor-widget-container\">\n\t\t\t\t\t\t\t<h2>Dlaczego nasz generator prompt\u00f3w Midjourney?<br \/><br \/><\/h2><p style=\"text-align: left;\">W dzisiejszym \u015bwiecie technologii AI, kluczowym elementem sukcesu jest zdolno\u015b\u0107 do tworzenia precyzyjnych i kreatywnych prompt\u00f3w, kt\u00f3re wykorzystaj\u0105 pe\u0142en potencja\u0142 narz\u0119dzi takich jak Midjourney. Nasz generator prompt\u00f3w zosta\u0142 zaprojektowany, aby u\u0142atwi\u0107 ten proces, czyni\u0105c go bardziej intuicyjnym i dost\u0119pnym dla ka\u017cdego, niezale\u017cnie od poziomu do\u015bwiadczenia.<\/p><h5 style=\"text-align: center;\">Funkcje i zalety naszego generatora prompt\u00f3w do Midjourney:<br \/><br \/><\/h5><p style=\"text-align: left;\"><strong>Intuicyjny Interfejs U\u017cytkownika<\/strong> &#8211; Nasz generator zosta\u0142 zaprojektowany z my\u015bl\u0105 o u\u017cytkowniku, co zapewnia \u0142atwo\u015b\u0107 nawigacji i prostot\u0119 u\u017cycia.<\/p><p style=\"text-align: left;\"><strong>Bogata Biblioteka Inspiracji<\/strong> &#8211; Dostarczamy szerok\u0105 gam\u0119 przyk\u0142ad\u00f3w prompt\u00f3w, kt\u00f3re mog\u0105 s\u0142u\u017cy\u0107 jako punkt wyj\u015bcia do twojej kreatywno\u015bci.<\/p><p style=\"text-align: left;\"><strong>Dostosowanie do Twoich Potrzeb<\/strong> &#8211; Mo\u017cesz dostosowa\u0107 ka\u017cdy prompt, dodaj\u0105c w\u0142asne elementy, co pozwala na stworzenie czego\u015b unikalnego i ca\u0142kowicie dostosowanego do twojego projektu.<\/p><p style=\"text-align: left;\"><strong>Szybko\u015b\u0107 i Efektywno\u015b\u0107<\/strong> &#8211; Generator zapewnia b\u0142yskawiczne tworzenie prompt\u00f3w, co pozwala zaoszcz\u0119dzi\u0107 czas i zwi\u0119kszy\u0107 produktywno\u015b\u0107.<\/p><p style=\"text-align: left;\"><strong>Zgodno\u015b\u0107 z Midjourney<\/strong> &#8211; Wszystkie prompty s\u0105 zoptymalizowane pod k\u0105tem kompatybilno\u015bci z Midjourney, co zapewnia, \u017ce twoje projekty b\u0119d\u0105 wygl\u0105da\u0107 dok\u0142adnie tak, jak zamierza\u0142e\u015b.<\/p><h5 style=\"text-align: center;\">Idealne Zastosowanie Naszego Generatora Prompt\u00f3w:<br \/><br \/><\/h5><ul><li style=\"text-align: left;\"><strong>Projektanci Graficzni<\/strong> &#8211; Stw\u00f3rz wyj\u0105tkowe projekty graficzne, korzystaj\u0105c z naszych szczeg\u00f3\u0142owych prompt\u00f3w.<\/li><li style=\"text-align: left;\"><strong>Tw\u00f3rcy Tre\u015bci<\/strong> &#8211; Generuj <a class=\"wpil_keyword_link\" href=\"https:\/\/social-media24.pl\/es\/dlaczego-tresci-wizualne-to-przyszlosc-marketingu\/\"   title=\"contenido visual\" data-wpil-keyword-link=\"linked\">contenido visual<\/a>, kt\u00f3re przyci\u0105gn\u0105 uwag\u0119 i zaanga\u017cuj\u0105 odbiorc\u00f3w.<\/li><li style=\"text-align: left;\"><strong>Edukacja i Nauka<\/strong> &#8211; U\u017cyj naszego narz\u0119dzia do nauczania o sztucznej inteligencji i jej zastosowaniach w praktyce.<\/li><\/ul><p style=\"text-align: left;\">\u00a0<\/p>\t\t\t\t\t\t<\/div>\n\t\t\t\t<\/div>\n\t\t\t\t\t<\/div>\n\t\t<\/div>\n\t\t\t\t\t<\/div>\n\t\t<\/section>\n\t\t\t\t<section class=\"elementor-section elementor-top-section elementor-element elementor-element-231b309 elementor-section-content-middle elementor-section-boxed elementor-section-height-default elementor-section-height-default\" data-id=\"231b309\" data-element_type=\"section\">\n\t\t\t\t\t\t<div class=\"elementor-container elementor-column-gap-default\">\n\t\t\t\t\t<div class=\"elementor-column elementor-col-50 elementor-top-column elementor-element elementor-element-375e933\" data-id=\"375e933\" data-element_type=\"column\">\n\t\t\t<div class=\"elementor-widget-wrap elementor-element-populated\">\n\t\t\t\t\t\t<div class=\"elementor-element elementor-element-f3dbe7c elementor-widget elementor-widget-image\" data-id=\"f3dbe7c\" data-element_type=\"widget\" data-widget_type=\"image.default\">\n\t\t\t\t<div class=\"elementor-widget-container\">\n\t\t\t\t\t\t\t\t\t\t\t\t\t<img fetchpriority=\"high\" decoding=\"async\" width=\"1024\" height=\"768\" src=\"https:\/\/social-media24.pl\/wp-content\/uploads\/2023\/08\/bbva-los-chatbots-sustituiran-lo-que-hoy-conocemos-como-contact-centers.webp\" class=\"attachment-large size-large wp-image-12194\" alt=\"Chatboty marketingowe: zwi\u0119ksz efektywno\u015b\u0107 strategii obs\u0142ugi klienta Bbva los chatbots sustituiran lo que hoy conocemos como contact centers\" srcset=\"https:\/\/social-media24.pl\/wp-content\/uploads\/2023\/08\/bbva-los-chatbots-sustituiran-lo-que-hoy-conocemos-como-contact-centers.webp 1024w, https:\/\/social-media24.pl\/wp-content\/uploads\/2023\/08\/bbva-los-chatbots-sustituiran-lo-que-hoy-conocemos-como-contact-centers-300x225.webp 300w, https:\/\/social-media24.pl\/wp-content\/uploads\/2023\/08\/bbva-los-chatbots-sustituiran-lo-que-hoy-conocemos-como-contact-centers-768x576.webp 768w, https:\/\/social-media24.pl\/wp-content\/uploads\/2023\/08\/bbva-los-chatbots-sustituiran-lo-que-hoy-conocemos-como-contact-centers-16x12.webp 16w, https:\/\/social-media24.pl\/wp-content\/uploads\/2023\/08\/bbva-los-chatbots-sustituiran-lo-que-hoy-conocemos-como-contact-centers-195x146.webp 195w, https:\/\/social-media24.pl\/wp-content\/uploads\/2023\/08\/bbva-los-chatbots-sustituiran-lo-que-hoy-conocemos-como-contact-centers-750x563.webp 750w\" sizes=\"(max-width: 1024px) 100vw, 1024px\" \/>\t\t\t\t\t\t\t\t\t\t\t\t\t<\/div>\n\t\t\t\t<\/div>\n\t\t\t\t\t<\/div>\n\t\t<\/div>\n\t\t\t\t<div class=\"elementor-column elementor-col-50 elementor-top-column elementor-element elementor-element-8a77ba9\" data-id=\"8a77ba9\" data-element_type=\"column\">\n\t\t\t<div class=\"elementor-widget-wrap elementor-element-populated\">\n\t\t\t\t\t\t<div class=\"elementor-element elementor-element-e390dd3 elementor-widget elementor-widget-heading\" data-id=\"e390dd3\" data-element_type=\"widget\" data-widget_type=\"heading.default\">\n\t\t\t\t<div class=\"elementor-widget-container\">\n\t\t\t<h2 class=\"elementor-heading-title elementor-size-default\">Wygeneruj sw\u00f3j idealny prompt do Midjourney <\/h2>\t\t<\/div>\n\t\t\t\t<\/div>\n\t\t\t\t<div class=\"elementor-element elementor-element-15ba40f elementor-widget elementor-widget-text-editor\" data-id=\"15ba40f\" data-element_type=\"widget\" data-widget_type=\"text-editor.default\">\n\t\t\t\t<div class=\"elementor-widget-container\">\n\t\t\t\t\t\t\t<p style=\"text-align: left;\">Nie czekaj d\u0142u\u017cej, zacznij tworzy\u0107 z naszym darmowym generatorem prompt\u00f3w dla Midjourney. Odwied\u017a nasz\u0105 stron\u0119, zarejestruj si\u0119 za darmo i rozpocznij podr\u00f3\u017c do \u015bwiata kreatywno\u015bci wspomaganej przez AI. Sprawd\u017a, jak \u0142atwo mo\u017cesz transformowa\u0107 swoje pomys\u0142y w imponuj\u0105ce projekty!<\/p><p>\u00a0<\/p>\t\t\t\t\t\t<\/div>\n\t\t\t\t<\/div>\n\t\t\t\t\t<\/div>\n\t\t<\/div>\n\t\t\t\t\t<\/div>\n\t\t<\/section>\n\t\t\t\t<section class=\"elementor-section elementor-top-section elementor-element elementor-element-14b2823e elementor-section-boxed elementor-section-height-default elementor-section-height-default\" data-id=\"14b2823e\" data-element_type=\"section\" data-settings=\"{&quot;background_background&quot;:&quot;classic&quot;}\">\n\t\t\t\t\t\t\t<div class=\"elementor-background-overlay\"><\/div>\n\t\t\t\t\t\t\t<div class=\"elementor-container elementor-column-gap-default\">\n\t\t\t\t\t<div class=\"elementor-column elementor-col-100 elementor-top-column elementor-element elementor-element-1988efe5\" data-id=\"1988efe5\" data-element_type=\"column\">\n\t\t\t<div class=\"elementor-widget-wrap elementor-element-populated\">\n\t\t\t\t\t\t<div class=\"elementor-element elementor-element-3a02c7d8 elementor-widget elementor-widget-heading\" data-id=\"3a02c7d8\" data-element_type=\"widget\" data-widget_type=\"heading.default\">\n\t\t\t\t<div class=\"elementor-widget-container\">\n\t\t\t<h2 class=\"elementor-heading-title elementor-size-default\">Darmowy Generator Prompt\u00f3w do Midjourney<\/h2>\t\t<\/div>\n\t\t\t\t<\/div>\n\t\t\t\t<div class=\"elementor-element elementor-element-4183a529 elementor-align-center confetti-button elementor-widget elementor-widget-button\" data-id=\"4183a529\" data-element_type=\"widget\" data-widget_type=\"button.default\">\n\t\t\t\t<div class=\"elementor-widget-container\">\n\t\t\t\t\t\t\t<div class=\"elementor-button-wrapper\">\n\t\t\t\t\t<a class=\"elementor-button elementor-button-link elementor-size-sm\" href=\"#midjourney-prompt\">\n\t\t\t\t\t\t<span class=\"elementor-button-content-wrapper\">\n\t\t\t\t\t\t\t\t\t<span class=\"elementor-button-text\">WYGENERUJ PROMPT<\/span>\n\t\t\t\t\t<\/span>\n\t\t\t\t\t<\/a>\n\t\t\t\t<\/div>\n\t\t\t\t\t\t<\/div>\n\t\t\t\t<\/div>\n\t\t\t\t\t<\/div>\n\t\t<\/div>\n\t\t\t\t\t<\/div>\n\t\t<\/section>\n\t\t\t\t<\/div>","protected":false},"excerpt":{"rendered":"<p>Generator NAJLEPSZYCH prompt\u00f3w do Midjourney Zacznij korzysta\u0107 z najlepszego kreatora podpowiedzi dla MIdjourney. Jest darmowy i \u0142atwy w u\u017cyciu. Tw\u00f3rz szczeg\u00f3\u0142owe podpowiedzi dla unikalnych projekt\u00f3w generowanych przez SI. Dlaczego nasz generator prompt\u00f3w Midjourney? W dzisiejszym \u015bwiecie technologii AI, kluczowym elementem sukcesu jest zdolno\u015b\u0107 do tworzenia precyzyjnych i kreatywnych prompt\u00f3w, kt\u00f3re wykorzystaj\u0105 pe\u0142en potencja\u0142 narz\u0119dzi takich&#8230;<\/p>","protected":false},"author":1,"featured_media":0,"parent":0,"menu_order":0,"comment_status":"closed","ping_status":"closed","template":"","meta":{"_kad_blocks_custom_css":"","_kad_blocks_head_custom_js":"","_kad_blocks_body_custom_js":"","_kad_blocks_footer_custom_js":"","_kad_post_transparent":"","_kad_post_title":"","_kad_post_layout":"","_kad_post_sidebar_id":"","_kad_post_content_style":"","_kad_post_vertical_padding":"","_kad_post_feature":"","_kad_post_feature_position":"","_kad_post_header":false,"_kad_post_footer":false,"footnotes":""},"class_list":["post-15320","page","type-page","status-publish","hentry"],"taxonomy_info":[],"featured_image_src_large":false,"author_info":{"display_name":"social","author_link":"https:\/\/social-media24.pl\/es\/author\/social\/"},"comment_info":0,"_links":{"self":[{"href":"https:\/\/social-media24.pl\/es\/wp-json\/wp\/v2\/pages\/15320","targetHints":{"allow":["GET"]}}],"collection":[{"href":"https:\/\/social-media24.pl\/es\/wp-json\/wp\/v2\/pages"}],"about":[{"href":"https:\/\/social-media24.pl\/es\/wp-json\/wp\/v2\/types\/page"}],"author":[{"embeddable":true,"href":"https:\/\/social-media24.pl\/es\/wp-json\/wp\/v2\/users\/1"}],"replies":[{"embeddable":true,"href":"https:\/\/social-media24.pl\/es\/wp-json\/wp\/v2\/comments?post=15320"}],"version-history":[{"count":1,"href":"https:\/\/social-media24.pl\/es\/wp-json\/wp\/v2\/pages\/15320\/revisions"}],"predecessor-version":[{"id":17543,"href":"https:\/\/social-media24.pl\/es\/wp-json\/wp\/v2\/pages\/15320\/revisions\/17543"}],"wp:attachment":[{"href":"https:\/\/social-media24.pl\/es\/wp-json\/wp\/v2\/media?parent=15320"}],"curies":[{"name":"wp","href":"https:\/\/api.w.org\/{rel}","templated":true}]}}