{"id":155,"date":"2022-11-09T20:09:04","date_gmt":"2022-11-09T20:09:04","guid":{"rendered":"https:\/\/social-media24.pl\/?page_id=155"},"modified":"2024-10-27T18:24:36","modified_gmt":"2024-10-27T18:24:36","slug":"strona-glowna","status":"publish","type":"page","link":"https:\/\/social-media24.pl\/es\/","title":{"rendered":"P\u00e1gina de inicio"},"content":{"rendered":"<div data-elementor-type=\"wp-page\" data-elementor-id=\"155\" class=\"elementor elementor-155\">\n\t\t\t\t\t\t<section class=\"elementor-section elementor-top-section elementor-element elementor-element-73574de elementor-section-content-middle elementor-section-boxed elementor-section-height-default elementor-section-height-default\" data-id=\"73574de\" data-element_type=\"section\">\n\t\t\t\t\t\t<div class=\"elementor-container elementor-column-gap-default\">\n\t\t\t\t\t<div class=\"elementor-column elementor-col-50 elementor-top-column elementor-element elementor-element-4d87eb81\" data-id=\"4d87eb81\" data-element_type=\"column\">\n\t\t\t<div class=\"elementor-widget-wrap elementor-element-populated\">\n\t\t\t\t\t\t<div class=\"elementor-element elementor-element-71cb9e8b elementor-widget elementor-widget-heading\" data-id=\"71cb9e8b\" data-element_type=\"widget\" data-widget_type=\"heading.default\">\n\t\t\t\t<div class=\"elementor-widget-container\">\n\t\t\t<h1 class=\"elementor-heading-title elementor-size-default\">Tendencias de marketing en Instagram, TikToku y LinkedIn<\/h1>\t\t<\/div>\n\t\t\t\t<\/div>\n\t\t\t\t<div class=\"elementor-element elementor-element-7e469e82 elementor-icon-list--layout-traditional elementor-list-item-link-full_width elementor-widget elementor-widget-icon-list\" data-id=\"7e469e82\" data-element_type=\"widget\" data-widget_type=\"icon-list.default\">\n\t\t\t\t<div class=\"elementor-widget-container\">\n\t\t\t\t\t<ul class=\"elementor-icon-list-items\">\n\t\t\t\t\t\t\t<li class=\"elementor-icon-list-item\">\n\t\t\t\t\t\t\t\t\t\t<span class=\"elementor-icon-list-text\">\u26a1 Informaci\u00f3n clave sobre TikTok <\/span>\n\t\t\t\t\t\t\t\t\t<\/li>\n\t\t\t\t\t\t\t\t<li class=\"elementor-icon-list-item\">\n\t\t\t\t\t\t\t\t\t\t<span class=\"elementor-icon-list-text\">\ud83e\udd29 Aprender\u00e1s los secretos de Instagram y el marketing de influencers<\/span>\n\t\t\t\t\t\t\t\t\t<\/li>\n\t\t\t\t\t\t\t\t<li class=\"elementor-icon-list-item\">\n\t\t\t\t\t\t\t\t\t\t<span class=\"elementor-icon-list-text\">\ud83d\udc4d Acceso a la mejor informaci\u00f3n del mundo de las redes sociales<\/span>\n\t\t\t\t\t\t\t\t\t<\/li>\n\t\t\t\t\t\t<\/ul>\n\t\t\t\t<\/div>\n\t\t\t\t<\/div>\n\t\t\t\t<div class=\"elementor-element elementor-element-2bfd1960 elementor-widget elementor-widget-button\" data-id=\"2bfd1960\" data-element_type=\"widget\" data-widget_type=\"button.default\">\n\t\t\t\t<div class=\"elementor-widget-container\">\n\t\t\t\t\t\t\t<div class=\"elementor-button-wrapper\">\n\t\t\t\t\t<a class=\"elementor-button elementor-button-link elementor-size-sm\" href=\"\/es\/blog\/\">\n\t\t\t\t\t\t<span class=\"elementor-button-content-wrapper\">\n\t\t\t\t\t\t\t\t\t<span class=\"elementor-button-text\">leer gratis<\/span>\n\t\t\t\t\t<\/span>\n\t\t\t\t\t<\/a>\n\t\t\t\t<\/div>\n\t\t\t\t\t\t<\/div>\n\t\t\t\t<\/div>\n\t\t\t\t<div class=\"elementor-element elementor-element-79485468 elementor-widget__width-initial elementor-widget elementor-widget-text-editor\" data-id=\"79485468\" data-element_type=\"widget\" data-widget_type=\"text-editor.default\">\n\t\t\t\t<div class=\"elementor-widget-container\">\n\t\t\t\t\t\t\t<p>Las redes sociales se han convertido en <strong>parte integrante de la vida y las actividades cotidianas<\/strong>y la gente. Algunas personas son tan adictas a ellas que lo primero que hacen al despertarse es consultar sus canales en las redes sociales.<\/p>\t\t\t\t\t\t<\/div>\n\t\t\t\t<\/div>\n\t\t\t\t\t<\/div>\n\t\t<\/div>\n\t\t\t\t<div class=\"elementor-column elementor-col-50 elementor-top-column elementor-element elementor-element-781f841c\" data-id=\"781f841c\" data-element_type=\"column\">\n\t\t\t<div class=\"elementor-widget-wrap elementor-element-populated\">\n\t\t\t\t\t\t<div class=\"elementor-element elementor-element-7bc57e48 elementor-widget elementor-widget-image\" data-id=\"7bc57e48\" data-element_type=\"widget\" data-widget_type=\"image.default\">\n\t\t\t\t<div class=\"elementor-widget-container\">\n\t\t\t\t\t\t\t\t\t\t\t\t\t<img fetchpriority=\"high\" decoding=\"async\" width=\"753\" height=\"817\" src=\"https:\/\/social-media24.pl\/wp-content\/uploads\/2022\/11\/looney-cowboy.webp\" class=\"attachment-large size-large wp-image-290\" alt=\"Inicio Looney cowboy\" srcset=\"https:\/\/social-media24.pl\/wp-content\/uploads\/2022\/11\/looney-cowboy.webp 753w, https:\/\/social-media24.pl\/wp-content\/uploads\/2022\/11\/looney-cowboy-276x300.webp 276w, https:\/\/social-media24.pl\/wp-content\/uploads\/2022\/11\/looney-cowboy-135x146.webp 135w, https:\/\/social-media24.pl\/wp-content\/uploads\/2022\/11\/looney-cowboy-750x814.webp 750w\" sizes=\"(max-width: 753px) 100vw, 753px\" \/>\t\t\t\t\t\t\t\t\t\t\t\t\t<\/div>\n\t\t\t\t<\/div>\n\t\t\t\t\t<\/div>\n\t\t<\/div>\n\t\t\t\t\t<\/div>\n\t\t<\/section>\n\t\t\t\t<section class=\"elementor-section elementor-top-section elementor-element elementor-element-1ab572a elementor-section-boxed elementor-section-height-default elementor-section-height-default\" data-id=\"1ab572a\" data-element_type=\"section\" data-settings=\"{&quot;background_background&quot;:&quot;classic&quot;}\">\n\t\t\t\t\t\t<div class=\"elementor-container elementor-column-gap-default\">\n\t\t\t\t\t<div class=\"elementor-column elementor-col-100 elementor-top-column elementor-element elementor-element-2c149515\" data-id=\"2c149515\" data-element_type=\"column\">\n\t\t\t<div class=\"elementor-widget-wrap elementor-element-populated\">\n\t\t\t\t\t\t<div class=\"elementor-element elementor-element-7e2ee3fa elementor-widget__width-initial elementor-widget elementor-widget-text-editor\" data-id=\"7e2ee3fa\" data-element_type=\"widget\" data-widget_type=\"text-editor.default\">\n\t\t\t\t<div class=\"elementor-widget-container\">\n\t\t\t\t\t\t\t<p><strong>Dada la importancia de las redes sociales<\/strong> en la vida de los consumidores, los vendedores y las empresas est\u00e1n entrando en la <a class=\"wpil_keyword_link\" href=\"https:\/\/social-media24.pl\/es\/5-platform-mediow-spolecznosciowych-ktore-mialy-dobry-rok-2022\/\" target=\"_blank\"  rel=\"noopener\" title=\"plataformas de medios sociales\" data-wpil-keyword-link=\"linked\">plataformas de medios sociales<\/a> con la esperanza de encontrar m\u00e1s f\u00e1cilmente a los clientes objetivo.<\/p><p>Hay una sobrecarga de contenidos en las redes sociales, <strong>y la competencia es muy alta<\/strong>. Puede resultarle dif\u00edcil destacar si no cuenta con una estrategia clara de marketing en las redes sociales.<\/p><p><strong>Mantenerse al d\u00eda de las \u00faltimas tendencias de las redes sociales <\/strong>pueden ayudarle a orientar su estrategia y a destacar entre la multitud. Para saber m\u00e1s sobre estas tendencias, consulte <strong><a href=\"https:\/\/social-media24.pl\/es\/blog\/\" target=\"_blank\" rel=\"noopener\">nuestro blog<\/a><\/strong>en el que describe los avances m\u00e1s importantes en el mundo del marketing en l\u00ednea.<\/p>\t\t\t\t\t\t<\/div>\n\t\t\t\t<\/div>\n\t\t\t\t\t<\/div>\n\t\t<\/div>\n\t\t\t\t\t<\/div>\n\t\t<\/section>\n\t\t\t\t<section class=\"elementor-section elementor-top-section elementor-element elementor-element-032e836 elementor-section-boxed elementor-section-height-default elementor-section-height-default\" data-id=\"032e836\" data-element_type=\"section\">\n\t\t\t\t\t\t<div class=\"elementor-container elementor-column-gap-default\">\n\t\t\t\t\t<div class=\"elementor-column elementor-col-66 elementor-top-column elementor-element elementor-element-08a318f\" data-id=\"08a318f\" data-element_type=\"column\">\n\t\t\t<div class=\"elementor-widget-wrap\">\n\t\t\t\t\t\t\t<\/div>\n\t\t<\/div>\n\t\t\t\t<div class=\"elementor-column elementor-col-33 elementor-top-column elementor-element elementor-element-532340e\" data-id=\"532340e\" data-element_type=\"column\">\n\t\t\t<div class=\"elementor-widget-wrap\">\n\t\t\t\t\t\t\t<\/div>\n\t\t<\/div>\n\t\t\t\t\t<\/div>\n\t\t<\/section>\n\t\t\t\t<section class=\"elementor-section elementor-top-section elementor-element elementor-element-b425a0f elementor-section-content-middle elementor-section-boxed elementor-section-height-default elementor-section-height-default\" data-id=\"b425a0f\" data-element_type=\"section\">\n\t\t\t\t\t\t<div class=\"elementor-container elementor-column-gap-default\">\n\t\t\t\t\t<div class=\"elementor-column elementor-col-50 elementor-top-column elementor-element elementor-element-5df43c4\" data-id=\"5df43c4\" data-element_type=\"column\">\n\t\t\t<div class=\"elementor-widget-wrap elementor-element-populated\">\n\t\t\t\t\t\t<div class=\"elementor-element elementor-element-98b844c elementor-widget elementor-widget-image\" data-id=\"98b844c\" data-element_type=\"widget\" data-widget_type=\"image.default\">\n\t\t\t\t<div class=\"elementor-widget-container\">\n\t\t\t\t\t\t\t\t\t\t\t\t\t<img decoding=\"async\" width=\"750\" height=\"720\" src=\"https:\/\/social-media24.pl\/wp-content\/uploads\/2022\/11\/marketing-w-mediach-spolecznosciowych-tiktok-instagram-linkedin-najlepsze-wskazowki-1.jpg\" class=\"attachment-large size-large wp-image-355\" alt=\"Inicio Social media marketing tiktok instagram linkedin top tips 1\" srcset=\"https:\/\/social-media24.pl\/wp-content\/uploads\/2022\/11\/marketing-w-mediach-spolecznosciowych-tiktok-instagram-linkedin-najlepsze-wskazowki-1.jpg 750w, https:\/\/social-media24.pl\/wp-content\/uploads\/2022\/11\/marketing-w-mediach-spolecznosciowych-tiktok-instagram-linkedin-najlepsze-wskazowki-1-300x288.jpg 300w, https:\/\/social-media24.pl\/wp-content\/uploads\/2022\/11\/marketing-w-mediach-spolecznosciowych-tiktok-instagram-linkedin-najlepsze-wskazowki-1-152x146.jpg 152w\" sizes=\"(max-width: 750px) 100vw, 750px\" \/>\t\t\t\t\t\t\t\t\t\t\t\t\t<\/div>\n\t\t\t\t<\/div>\n\t\t\t\t\t<\/div>\n\t\t<\/div>\n\t\t\t\t<div class=\"elementor-column elementor-col-50 elementor-top-column elementor-element elementor-element-d2ab0ac\" data-id=\"d2ab0ac\" data-element_type=\"column\">\n\t\t\t<div class=\"elementor-widget-wrap elementor-element-populated\">\n\t\t\t\t\t\t<div class=\"elementor-element elementor-element-dfe7037 elementor-widget elementor-widget-heading\" data-id=\"dfe7037\" data-element_type=\"widget\" data-widget_type=\"heading.default\">\n\t\t\t\t<div class=\"elementor-widget-container\">\n\t\t\t<h2 class=\"elementor-heading-title elementor-size-default\">Gu\u00eda para principiantes sobre marketing en Instagram<\/h2>\t\t<\/div>\n\t\t\t\t<\/div>\n\t\t\t\t<div class=\"elementor-element elementor-element-df83259 elementor-widget elementor-widget-text-editor\" data-id=\"df83259\" data-element_type=\"widget\" data-widget_type=\"text-editor.default\">\n\t\t\t\t<div class=\"elementor-widget-container\">\n\t\t\t\t\t\t\t<p>Las redes sociales est\u00e1n en perpetuo cambio. Los canales sociales evolucionan constantemente y adaptan sus funciones en funci\u00f3n del atractivo para los usuarios y el crecimiento potencial.<\/p><p>Esta fluctuaci\u00f3n constante tambi\u00e9n representa una gran oportunidad para los profesionales del marketing que buscan formas nuevas y creativas de llegar a su p\u00fablico. Estar atento a las pr\u00f3ximas tendencias en redes sociales que se espera que dominen este a\u00f1o es clave para una estrategia de marketing exitosa.<\/p><p>\ud83d\udca1 Lee los mejores m\u00e9todos<strong><a href=\"https:\/\/social-media24.pl\/es\/instagram\/\" target=\"_blank\" rel=\"noopener\"> Desarrollo de Instagram.<\/a><\/strong><\/p>\t\t\t\t\t\t<\/div>\n\t\t\t\t<\/div>\n\t\t\t\t\t<\/div>\n\t\t<\/div>\n\t\t\t\t\t<\/div>\n\t\t<\/section>\n\t\t\t\t<section class=\"elementor-section elementor-top-section elementor-element elementor-element-27d241e elementor-section-content-middle elementor-reverse-mobile elementor-section-boxed elementor-section-height-default elementor-section-height-default\" data-id=\"27d241e\" data-element_type=\"section\">\n\t\t\t\t\t\t<div class=\"elementor-container elementor-column-gap-default\">\n\t\t\t\t\t<div class=\"elementor-column elementor-col-50 elementor-top-column elementor-element elementor-element-31de5b3\" data-id=\"31de5b3\" data-element_type=\"column\">\n\t\t\t<div class=\"elementor-widget-wrap elementor-element-populated\">\n\t\t\t\t\t\t<div class=\"elementor-element elementor-element-7789f23 elementor-widget elementor-widget-heading\" data-id=\"7789f23\" data-element_type=\"widget\" data-widget_type=\"heading.default\">\n\t\t\t\t<div class=\"elementor-widget-container\">\n\t\t\t<h2 class=\"elementor-heading-title elementor-size-default\">Una ambiciosa gu\u00eda de marketing en TikTok<\/h2>\t\t<\/div>\n\t\t\t\t<\/div>\n\t\t\t\t<div class=\"elementor-element elementor-element-cc521b1 elementor-widget elementor-widget-text-editor\" data-id=\"cc521b1\" data-element_type=\"widget\" data-widget_type=\"text-editor.default\">\n\t\t\t\t<div class=\"elementor-widget-container\">\n\t\t\t\t\t\t\t<p>El poder de <a class=\"wpil_keyword_link\" href=\"https:\/\/social-media24.pl\/es\/10-maneras-de-romper-el-algoritmo-tiktok\/\"   title=\"TikTok\" data-wpil-keyword-link=\"linked\">TikTok<\/a> <strong>es inestimable.<\/strong> Adem\u00e1s de ser la herramienta de procrastinaci\u00f3n elegida por muchos adolescentes, la aplicaci\u00f3n ha tenido un profundo impacto en el sonido y la cultura en el mundo moderno, y las empresas inteligentes de todo el mundo quieren entrar en la acci\u00f3n (y el dinero, por supuesto) mediante la comercializaci\u00f3n de TikTok.<\/p><p><a class=\"wpil_keyword_link\" href=\"https:\/\/social-media24.pl\/es\/el-secreto-del-marketing-tiktok\/\" target=\"_blank\"  rel=\"noopener\" title=\"Marketing en TikTok\" data-wpil-keyword-link=\"linked\">Marketing en TikTok<\/a> es la pr\u00e1ctica de utilizar TikTok para promocionar una marca, producto o servicio.<\/p><p>Puede incluir una variedad de t\u00e1cticas como el marketing de influencers, la publicidad <a href=\"https:\/\/social-media24.pl\/es\/10-consejos-para-crear-contenidos-virales-en-tiktok\/\">TikTok y la creaci\u00f3n de contenidos virales org\u00e1nicos<\/a>.<\/p><p>\ud83d\udca1 Lee los mejores m\u00e9todos<a href=\"https:\/\/social-media24.pl\/es\/tic-tac\/\" target=\"_blank\" rel=\"noopener\"><strong> Desarrollo de TikTok.<\/strong><\/a><\/p>\t\t\t\t\t\t<\/div>\n\t\t\t\t<\/div>\n\t\t\t\t\t<\/div>\n\t\t<\/div>\n\t\t\t\t<div class=\"elementor-column elementor-col-50 elementor-top-column elementor-element elementor-element-8e3a534\" data-id=\"8e3a534\" data-element_type=\"column\">\n\t\t\t<div class=\"elementor-widget-wrap elementor-element-populated\">\n\t\t\t\t\t\t<div class=\"elementor-element elementor-element-804b785 elementor-widget elementor-widget-image\" data-id=\"804b785\" data-element_type=\"widget\" data-widget_type=\"image.default\">\n\t\t\t\t<div class=\"elementor-widget-container\">\n\t\t\t\t\t\t\t\t\t\t\t\t\t<img decoding=\"async\" width=\"750\" height=\"720\" src=\"https:\/\/social-media24.pl\/wp-content\/uploads\/2022\/11\/marketing-w-mediach-spolecznosciowych-tiktok-instagram-linkedin-najlepsze-wskazowki-3.jpg\" class=\"attachment-large size-large wp-image-357\" alt=\"Inicio Social media marketing tiktok instagram linkedin top tips 3\" srcset=\"https:\/\/social-media24.pl\/wp-content\/uploads\/2022\/11\/marketing-w-mediach-spolecznosciowych-tiktok-instagram-linkedin-najlepsze-wskazowki-3.jpg 750w, https:\/\/social-media24.pl\/wp-content\/uploads\/2022\/11\/marketing-w-mediach-spolecznosciowych-tiktok-instagram-linkedin-najlepsze-wskazowki-3-300x288.jpg 300w, https:\/\/social-media24.pl\/wp-content\/uploads\/2022\/11\/marketing-w-mediach-spolecznosciowych-tiktok-instagram-linkedin-najlepsze-wskazowki-3-152x146.jpg 152w\" sizes=\"(max-width: 750px) 100vw, 750px\" \/>\t\t\t\t\t\t\t\t\t\t\t\t\t<\/div>\n\t\t\t\t<\/div>\n\t\t\t\t\t<\/div>\n\t\t<\/div>\n\t\t\t\t\t<\/div>\n\t\t<\/section>\n\t\t\t\t<section class=\"elementor-section elementor-top-section elementor-element elementor-element-231b309 elementor-section-content-middle elementor-section-boxed elementor-section-height-default elementor-section-height-default\" data-id=\"231b309\" data-element_type=\"section\">\n\t\t\t\t\t\t<div class=\"elementor-container elementor-column-gap-default\">\n\t\t\t\t\t<div class=\"elementor-column elementor-col-50 elementor-top-column elementor-element elementor-element-375e933\" data-id=\"375e933\" data-element_type=\"column\">\n\t\t\t<div class=\"elementor-widget-wrap elementor-element-populated\">\n\t\t\t\t\t\t<div class=\"elementor-element elementor-element-f3dbe7c elementor-widget elementor-widget-image\" data-id=\"f3dbe7c\" data-element_type=\"widget\" data-widget_type=\"image.default\">\n\t\t\t\t<div class=\"elementor-widget-container\">\n\t\t\t\t\t\t\t\t\t\t\t\t\t<img loading=\"lazy\" decoding=\"async\" width=\"750\" height=\"720\" src=\"https:\/\/social-media24.pl\/wp-content\/uploads\/2022\/11\/marketing-w-mediach-spolecznosciowych-tiktok-instagram-linkedin-najlepsze-wskazowki-2.jpg\" class=\"attachment-large size-large wp-image-356\" alt=\"Inicio Social media marketing tiktok instagram linkedin top tips 2\" srcset=\"https:\/\/social-media24.pl\/wp-content\/uploads\/2022\/11\/marketing-w-mediach-spolecznosciowych-tiktok-instagram-linkedin-najlepsze-wskazowki-2.jpg 750w, https:\/\/social-media24.pl\/wp-content\/uploads\/2022\/11\/marketing-w-mediach-spolecznosciowych-tiktok-instagram-linkedin-najlepsze-wskazowki-2-300x288.jpg 300w, https:\/\/social-media24.pl\/wp-content\/uploads\/2022\/11\/marketing-w-mediach-spolecznosciowych-tiktok-instagram-linkedin-najlepsze-wskazowki-2-152x146.jpg 152w\" sizes=\"(max-width: 750px) 100vw, 750px\" \/>\t\t\t\t\t\t\t\t\t\t\t\t\t<\/div>\n\t\t\t\t<\/div>\n\t\t\t\t\t<\/div>\n\t\t<\/div>\n\t\t\t\t<div class=\"elementor-column elementor-col-50 elementor-top-column elementor-element elementor-element-8a77ba9\" data-id=\"8a77ba9\" data-element_type=\"column\">\n\t\t\t<div class=\"elementor-widget-wrap elementor-element-populated\">\n\t\t\t\t\t\t<div class=\"elementor-element elementor-element-e390dd3 elementor-widget elementor-widget-heading\" data-id=\"e390dd3\" data-element_type=\"widget\" data-widget_type=\"heading.default\">\n\t\t\t\t<div class=\"elementor-widget-container\">\n\t\t\t<h2 class=\"elementor-heading-title elementor-size-default\">Gu\u00eda profesional de marketing en LinkedIn<\/h2>\t\t<\/div>\n\t\t\t\t<\/div>\n\t\t\t\t<div class=\"elementor-element elementor-element-15ba40f elementor-widget elementor-widget-text-editor\" data-id=\"15ba40f\" data-element_type=\"widget\" data-widget_type=\"text-editor.default\">\n\t\t\t\t<div class=\"elementor-widget-container\">\n\t\t\t\t\t\t\t<p>LinkedIn es un lugar estupendo para establecer contactos y hacer crecer su negocio. Estos consejos de marketing le ayudar\u00e1n a aprovechar mejor esta plataforma <a href=\"https:\/\/social-media24.pl\/es\/co-definiuje-role-stratega-mediow-spolecznosciowych\/\">redes sociales<\/a>.<\/p><p>LinkedIn es una plataforma de medios sociales que puede utilizarse para crear conciencia de marca y relaciones con los consumidores.<\/p><p>Mediante la publicaci\u00f3n de contenidos atractivos y la participaci\u00f3n en debates del sector, las empresas que utilizan LinkedIn pueden dirigirse a clientes y socios potenciales. Los empresarios pueden utilizar LinkedIn para aumentar su lista de correo electr\u00f3nico con sus contactos profesionales y redes de contactos: ....<\/p><p>\ud83d\udca1 Lee los mejores m\u00e9todos<strong><a href=\"https:\/\/social-media24.pl\/es\/linkedin\/\" target=\"_blank\" rel=\"noopener\"> Desarrollo de LinkedIn.<\/a><\/strong><\/p>\t\t\t\t\t\t<\/div>\n\t\t\t\t<\/div>\n\t\t\t\t\t<\/div>\n\t\t<\/div>\n\t\t\t\t\t<\/div>\n\t\t<\/section>\n\t\t\t\t<section class=\"elementor-section elementor-top-section elementor-element elementor-element-14b2823e elementor-section-boxed elementor-section-height-default elementor-section-height-default\" data-id=\"14b2823e\" data-element_type=\"section\" data-settings=\"{&quot;background_background&quot;:&quot;classic&quot;}\">\n\t\t\t\t\t\t\t<div class=\"elementor-background-overlay\"><\/div>\n\t\t\t\t\t\t\t<div class=\"elementor-container elementor-column-gap-default\">\n\t\t\t\t\t<div class=\"elementor-column elementor-col-100 elementor-top-column elementor-element elementor-element-1988efe5\" data-id=\"1988efe5\" data-element_type=\"column\">\n\t\t\t<div class=\"elementor-widget-wrap elementor-element-populated\">\n\t\t\t\t\t\t<div class=\"elementor-element elementor-element-3a02c7d8 elementor-widget elementor-widget-heading\" data-id=\"3a02c7d8\" data-element_type=\"widget\" data-widget_type=\"heading.default\">\n\t\t\t\t<div class=\"elementor-widget-container\">\n\t\t\t<h2 class=\"elementor-heading-title elementor-size-default\">LOS DATOS QUE TE FALTABAN<\/h2>\t\t<\/div>\n\t\t\t\t<\/div>\n\t\t\t\t<div class=\"elementor-element elementor-element-4183a529 elementor-align-center confetti-button elementor-widget elementor-widget-button\" data-id=\"4183a529\" data-element_type=\"widget\" data-widget_type=\"button.default\">\n\t\t\t\t<div class=\"elementor-widget-container\">\n\t\t\t\t\t\t\t<div class=\"elementor-button-wrapper\">\n\t\t\t\t\t<a class=\"elementor-button elementor-button-link elementor-size-sm\" href=\"\/es\/blog\/\">\n\t\t\t\t\t\t<span class=\"elementor-button-content-wrapper\">\n\t\t\t\t\t\t\t\t\t<span class=\"elementor-button-text\">SEGUIR LAS \u00daLTIMAS TENDENCIAS DE LAS REDES SOCIALES<\/span>\n\t\t\t\t\t<\/span>\n\t\t\t\t\t<\/a>\n\t\t\t\t<\/div>\n\t\t\t\t\t\t<\/div>\n\t\t\t\t<\/div>\n\t\t\t\t<div class=\"elementor-element elementor-element-7e0d85bd elementor-widget__width-initial elementor-widget elementor-widget-text-editor\" data-id=\"7e0d85bd\" data-element_type=\"widget\" data-widget_type=\"text-editor.default\">\n\t\t\t\t<div class=\"elementor-widget-container\">\n\t\t\t\t\t\t\t<p>Aunque Instagram sigue siendo el claro favorito, TikTok est\u00e1 subiendo puestos en la clasificaci\u00f3n. Adem\u00e1s, dado que el contenido de v\u00eddeo de formato corto ser\u00e1 cada vez m\u00e1s popular, TikTok es la plataforma ideal para utilizar en 2022.<\/p>\t\t\t\t\t\t<\/div>\n\t\t\t\t<\/div>\n\t\t\t\t\t<\/div>\n\t\t<\/div>\n\t\t\t\t\t<\/div>\n\t\t<\/section>\n\t\t\t\t<\/div>","protected":false},"excerpt":{"rendered":"<p>Trendy w marketingu na Instagramie, TikToku &#038; LinkedIn \u26a1 Najwa\u017cniejsze informacje dotycz\u0105ce TikToka \ud83e\udd29 Poznasz sekrety Instagram &#038; Influencer marketingu \ud83d\udc4d Dost\u0119p do najlepszych informacji ze \u015bwiata social media Czytaj za darmo Media spo\u0142eczno\u015bciowe sta\u0142y si\u0119 integraln\u0105 cz\u0119\u015bci\u0105 \u017cycia i codziennych czynno\u015bci ludzi. Niekt\u00f3rzy s\u0105 od nich uzale\u017cnieni tak bardzo, \u017ce pierwsz\u0105 rzecz\u0105, jak\u0105 robi\u0105&#8230;<\/p>","protected":false},"author":1,"featured_media":0,"parent":0,"menu_order":0,"comment_status":"closed","ping_status":"closed","template":"","meta":{"_kad_blocks_custom_css":"","_kad_blocks_head_custom_js":"","_kad_blocks_body_custom_js":"","_kad_blocks_footer_custom_js":"","_kad_post_transparent":"","_kad_post_title":"","_kad_post_layout":"","_kad_post_sidebar_id":"","_kad_post_content_style":"","_kad_post_vertical_padding":"","_kad_post_feature":"","_kad_post_feature_position":"","_kad_post_header":false,"_kad_post_footer":false,"footnotes":""},"class_list":["post-155","page","type-page","status-publish","hentry"],"taxonomy_info":[],"featured_image_src_large":false,"author_info":{"display_name":"social","author_link":"https:\/\/social-media24.pl\/es\/author\/social\/"},"comment_info":0,"_links":{"self":[{"href":"https:\/\/social-media24.pl\/es\/wp-json\/wp\/v2\/pages\/155","targetHints":{"allow":["GET"]}}],"collection":[{"href":"https:\/\/social-media24.pl\/es\/wp-json\/wp\/v2\/pages"}],"about":[{"href":"https:\/\/social-media24.pl\/es\/wp-json\/wp\/v2\/types\/page"}],"author":[{"embeddable":true,"href":"https:\/\/social-media24.pl\/es\/wp-json\/wp\/v2\/users\/1"}],"replies":[{"embeddable":true,"href":"https:\/\/social-media24.pl\/es\/wp-json\/wp\/v2\/comments?post=155"}],"version-history":[{"count":1,"href":"https:\/\/social-media24.pl\/es\/wp-json\/wp\/v2\/pages\/155\/revisions"}],"predecessor-version":[{"id":15615,"href":"https:\/\/social-media24.pl\/es\/wp-json\/wp\/v2\/pages\/155\/revisions\/15615"}],"wp:attachment":[{"href":"https:\/\/social-media24.pl\/es\/wp-json\/wp\/v2\/media?parent=155"}],"curies":[{"name":"wp","href":"https:\/\/api.w.org\/{rel}","templated":true}]}}